{"id":143,"date":"2017-04-30T17:50:13","date_gmt":"2017-04-30T15:50:13","guid":{"rendered":"https:\/\/chantailles.ch\/?page_id=143"},"modified":"2025-01-22T18:34:27","modified_gmt":"2025-01-22T17:34:27","slug":"salle-de-reception","status":"publish","type":"page","link":"https:\/\/chantailles.ch\/?page_id=143","title":{"rendered":"Salle de r\u00e9ception"},"content":{"rendered":"<p>Nous mettons \u00e0 votre disposition notre salle de r\u00e9ception qui peut accueillir 45 personnes et davantage en \u00e9t\u00e9 gr\u00e2ce \u00e0 la terrasse couverte.<br \/>\n<img loading=\"lazy\" decoding=\"async\" class=\"alignright wp-image-677 \" style=\"float: right;\" src=\"https:\/\/chantailles.ch\/wp-content\/uploads\/2018\/01\/wifi-300x200.jpeg\" alt=\"\" width=\"105\" height=\"70\" srcset=\"https:\/\/chantailles.ch\/wp-content\/uploads\/2018\/01\/wifi-300x200.jpeg 300w, https:\/\/chantailles.ch\/wp-content\/uploads\/2018\/01\/wifi-768x511.jpeg 768w, https:\/\/chantailles.ch\/wp-content\/uploads\/2018\/01\/wifi-1024x681.jpeg 1024w, https:\/\/chantailles.ch\/wp-content\/uploads\/2018\/01\/wifi-830x552.jpeg 830w, https:\/\/chantailles.ch\/wp-content\/uploads\/2018\/01\/wifi-230x153.jpeg 230w, https:\/\/chantailles.ch\/wp-content\/uploads\/2018\/01\/wifi-350x233.jpeg 350w, https:\/\/chantailles.ch\/wp-content\/uploads\/2018\/01\/wifi-480x319.jpeg 480w, https:\/\/chantailles.ch\/wp-content\/uploads\/2018\/01\/wifi.jpeg 1500w\" sizes=\"auto, (max-width: 105px) 100vw, 105px\" \/><br \/>\nPas envie de cuisiner? Vous trouverez des liens pour des traiteurs dans <a href=\"https:\/\/chantailles.ch\/?page_id=689\">notre page d\u00e9di\u00e9e<\/a>.<\/p>\n<p>Vous trouverez les conditions de locations en t\u00e9l\u00e9chargeant le document ci-dessous:<\/p>\n<p><a href=\"https:\/\/chantailles.ch\/wp-content\/uploads\/2025\/01\/Charte-de-la-salle-2025.pdf\">Charte de la salle 2025<\/a><\/p>\n<p>Voici quelques photos pour vous donner une id\u00e9e de l&rsquo;endroit qui est modulable \u00e0 souhait.<\/p>\n<p><img loading=\"lazy\" decoding=\"async\" class=\"aligncenter wp-image-147 size-medium\" src=\"https:\/\/chantailles.ch\/wp-content\/uploads\/2017\/04\/DSCF2117-300x225.jpg\" alt=\"\" width=\"300\" height=\"225\" srcset=\"https:\/\/chantailles.ch\/wp-content\/uploads\/2017\/04\/DSCF2117-300x225.jpg 300w, https:\/\/chantailles.ch\/wp-content\/uploads\/2017\/04\/DSCF2117-768x576.jpg 768w, https:\/\/chantailles.ch\/wp-content\/uploads\/2017\/04\/DSCF2117-1024x768.jpg 1024w, https:\/\/chantailles.ch\/wp-content\/uploads\/2017\/04\/DSCF2117-830x623.jpg 830w, https:\/\/chantailles.ch\/wp-content\/uploads\/2017\/04\/DSCF2117-230x173.jpg 230w, https:\/\/chantailles.ch\/wp-content\/uploads\/2017\/04\/DSCF2117-350x263.jpg 350w, https:\/\/chantailles.ch\/wp-content\/uploads\/2017\/04\/DSCF2117-480x360.jpg 480w, https:\/\/chantailles.ch\/wp-content\/uploads\/2017\/04\/DSCF2117.jpg 2048w\" sizes=\"auto, (max-width: 300px) 100vw, 300px\" \/><\/p>\n<p><img loading=\"lazy\" decoding=\"async\" class=\"alignleft wp-image-152 size-medium\" src=\"https:\/\/chantailles.ch\/wp-content\/uploads\/2017\/04\/DSCF2123-300x225.jpg\" alt=\"\" width=\"300\" height=\"225\" srcset=\"https:\/\/chantailles.ch\/wp-content\/uploads\/2017\/04\/DSCF2123-300x225.jpg 300w, https:\/\/chantailles.ch\/wp-content\/uploads\/2017\/04\/DSCF2123-768x576.jpg 768w, https:\/\/chantailles.ch\/wp-content\/uploads\/2017\/04\/DSCF2123-1024x768.jpg 1024w, https:\/\/chantailles.ch\/wp-content\/uploads\/2017\/04\/DSCF2123-830x623.jpg 830w, https:\/\/chantailles.ch\/wp-content\/uploads\/2017\/04\/DSCF2123-230x173.jpg 230w, https:\/\/chantailles.ch\/wp-content\/uploads\/2017\/04\/DSCF2123-350x263.jpg 350w, https:\/\/chantailles.ch\/wp-content\/uploads\/2017\/04\/DSCF2123-480x360.jpg 480w, https:\/\/chantailles.ch\/wp-content\/uploads\/2017\/04\/DSCF2123.jpg 2048w\" sizes=\"auto, (max-width: 300px) 100vw, 300px\" \/><img loading=\"lazy\" decoding=\"async\" class=\"alignright wp-image-158 size-medium\" src=\"https:\/\/chantailles.ch\/wp-content\/uploads\/2017\/04\/DSCF2129-300x225.jpg\" alt=\"\" width=\"300\" height=\"225\" srcset=\"https:\/\/chantailles.ch\/wp-content\/uploads\/2017\/04\/DSCF2129-300x225.jpg 300w, https:\/\/chantailles.ch\/wp-content\/uploads\/2017\/04\/DSCF2129-768x576.jpg 768w, https:\/\/chantailles.ch\/wp-content\/uploads\/2017\/04\/DSCF2129-1024x768.jpg 1024w, https:\/\/chantailles.ch\/wp-content\/uploads\/2017\/04\/DSCF2129-830x623.jpg 830w, https:\/\/chantailles.ch\/wp-content\/uploads\/2017\/04\/DSCF2129-230x173.jpg 230w, https:\/\/chantailles.ch\/wp-content\/uploads\/2017\/04\/DSCF2129-350x263.jpg 350w, https:\/\/chantailles.ch\/wp-content\/uploads\/2017\/04\/DSCF2129-480x360.jpg 480w, https:\/\/chantailles.ch\/wp-content\/uploads\/2017\/04\/DSCF2129.jpg 2048w\" sizes=\"auto, (max-width: 300px) 100vw, 300px\" \/><img loading=\"lazy\" decoding=\"async\" class=\"aligncenter wp-image-169 size-medium\" src=\"https:\/\/chantailles.ch\/wp-content\/uploads\/2017\/04\/DSCF2186-300x225.jpg\" alt=\"\" width=\"300\" height=\"225\" srcset=\"https:\/\/chantailles.ch\/wp-content\/uploads\/2017\/04\/DSCF2186-300x225.jpg 300w, https:\/\/chantailles.ch\/wp-content\/uploads\/2017\/04\/DSCF2186-768x576.jpg 768w, https:\/\/chantailles.ch\/wp-content\/uploads\/2017\/04\/DSCF2186-1024x768.jpg 1024w, https:\/\/chantailles.ch\/wp-content\/uploads\/2017\/04\/DSCF2186-830x623.jpg 830w, https:\/\/chantailles.ch\/wp-content\/uploads\/2017\/04\/DSCF2186-230x173.jpg 230w, https:\/\/chantailles.ch\/wp-content\/uploads\/2017\/04\/DSCF2186-350x263.jpg 350w, https:\/\/chantailles.ch\/wp-content\/uploads\/2017\/04\/DSCF2186-480x360.jpg 480w, https:\/\/chantailles.ch\/wp-content\/uploads\/2017\/04\/DSCF2186.jpg 2048w\" sizes=\"auto, (max-width: 300px) 100vw, 300px\" \/><\/p>\n<p><img loading=\"lazy\" decoding=\"async\" class=\"aligncenter wp-image-170 size-medium\" src=\"https:\/\/chantailles.ch\/wp-content\/uploads\/2017\/04\/DSCF2187-300x225.jpg\" alt=\"\" width=\"300\" height=\"225\" srcset=\"https:\/\/chantailles.ch\/wp-content\/uploads\/2017\/04\/DSCF2187-300x225.jpg 300w, https:\/\/chantailles.ch\/wp-content\/uploads\/2017\/04\/DSCF2187-768x576.jpg 768w, https:\/\/chantailles.ch\/wp-content\/uploads\/2017\/04\/DSCF2187-1024x768.jpg 1024w, https:\/\/chantailles.ch\/wp-content\/uploads\/2017\/04\/DSCF2187-830x623.jpg 830w, https:\/\/chantailles.ch\/wp-content\/uploads\/2017\/04\/DSCF2187-230x173.jpg 230w, https:\/\/chantailles.ch\/wp-content\/uploads\/2017\/04\/DSCF2187-350x263.jpg 350w, https:\/\/chantailles.ch\/wp-content\/uploads\/2017\/04\/DSCF2187-480x360.jpg 480w, https:\/\/chantailles.ch\/wp-content\/uploads\/2017\/04\/DSCF2187.jpg 2048w\" sizes=\"auto, (max-width: 300px) 100vw, 300px\" \/><\/p>\n","protected":false},"excerpt":{"rendered":"<p>Nous mettons \u00e0 votre disposition notre salle de r\u00e9ception qui peut accueillir 45 personnes et davantage en \u00e9t\u00e9 gr\u00e2ce \u00e0 la terrasse couverte. Pas envie de cuisiner? Vous trouverez des [&hellip;]<\/p>\n","protected":false},"author":1,"featured_media":0,"parent":0,"menu_order":0,"comment_status":"closed","ping_status":"closed","template":"","meta":{"footnotes":""},"class_list":["post-143","page","type-page","status-publish","hentry"],"yoast_head":"<!-- This site is optimized with the Yoast SEO plugin v27.4 - https:\/\/yoast.com\/product\/yoast-seo-wordpress\/ -->\n<title>Salle de r\u00e9ception - Domaine des Chantailles<\/title>\n<meta name=\"robots\" content=\"index, follow, max-snippet:-1, max-image-preview:large, max-video-preview:-1\" \/>\n<link rel=\"canonical\" href=\"https:\/\/chantailles.ch\/?page_id=143\" \/>\n<meta property=\"og:locale\" content=\"fr_FR\" \/>\n<meta property=\"og:type\" content=\"article\" \/>\n<meta property=\"og:title\" content=\"Salle de r\u00e9ception - Domaine des Chantailles\" \/>\n<meta property=\"og:description\" content=\"Nous mettons \u00e0 votre disposition notre salle de r\u00e9ception qui peut accueillir 45 personnes et davantage en \u00e9t\u00e9 gr\u00e2ce \u00e0 la terrasse couverte. Pas envie de cuisiner? Vous trouverez des [&hellip;]\" \/>\n<meta property=\"og:url\" content=\"https:\/\/chantailles.ch\/?page_id=143\" \/>\n<meta property=\"og:site_name\" content=\"Domaine des Chantailles\" \/>\n<meta property=\"article:modified_time\" content=\"2025-01-22T17:34:27+00:00\" \/>\n<meta property=\"og:image\" content=\"https:\/\/chantailles.ch\/wp-content\/uploads\/2018\/01\/wifi.jpeg\" \/>\n\t<meta property=\"og:image:width\" content=\"1500\" \/>\n\t<meta property=\"og:image:height\" content=\"998\" \/>\n\t<meta property=\"og:image:type\" content=\"image\/jpeg\" \/>\n<meta name=\"twitter:card\" content=\"summary_large_image\" \/>\n<meta name=\"twitter:label1\" content=\"Dur\u00e9e de lecture estim\u00e9e\" \/>\n\t<meta name=\"twitter:data1\" content=\"2 minutes\" \/>\n<script type=\"application\/ld+json\" class=\"yoast-schema-graph\">{\"@context\":\"https:\\\/\\\/schema.org\",\"@graph\":[{\"@type\":\"WebPage\",\"@id\":\"https:\\\/\\\/chantailles.ch\\\/?page_id=143\",\"url\":\"https:\\\/\\\/chantailles.ch\\\/?page_id=143\",\"name\":\"Salle de r\u00e9ception - Domaine des Chantailles\",\"isPartOf\":{\"@id\":\"https:\\\/\\\/chantailles.ch\\\/#website\"},\"primaryImageOfPage\":{\"@id\":\"https:\\\/\\\/chantailles.ch\\\/?page_id=143#primaryimage\"},\"image\":{\"@id\":\"https:\\\/\\\/chantailles.ch\\\/?page_id=143#primaryimage\"},\"thumbnailUrl\":\"https:\\\/\\\/chantailles.ch\\\/wp-content\\\/uploads\\\/2018\\\/01\\\/wifi-300x200.jpeg\",\"datePublished\":\"2017-04-30T15:50:13+00:00\",\"dateModified\":\"2025-01-22T17:34:27+00:00\",\"breadcrumb\":{\"@id\":\"https:\\\/\\\/chantailles.ch\\\/?page_id=143#breadcrumb\"},\"inLanguage\":\"fr-FR\",\"potentialAction\":[{\"@type\":\"ReadAction\",\"target\":[\"https:\\\/\\\/chantailles.ch\\\/?page_id=143\"]}]},{\"@type\":\"ImageObject\",\"inLanguage\":\"fr-FR\",\"@id\":\"https:\\\/\\\/chantailles.ch\\\/?page_id=143#primaryimage\",\"url\":\"https:\\\/\\\/chantailles.ch\\\/wp-content\\\/uploads\\\/2018\\\/01\\\/wifi.jpeg\",\"contentUrl\":\"https:\\\/\\\/chantailles.ch\\\/wp-content\\\/uploads\\\/2018\\\/01\\\/wifi.jpeg\",\"width\":1500,\"height\":998},{\"@type\":\"BreadcrumbList\",\"@id\":\"https:\\\/\\\/chantailles.ch\\\/?page_id=143#breadcrumb\",\"itemListElement\":[{\"@type\":\"ListItem\",\"position\":1,\"name\":\"Accueil\",\"item\":\"https:\\\/\\\/chantailles.ch\\\/\"},{\"@type\":\"ListItem\",\"position\":2,\"name\":\"Salle de r\u00e9ception\"}]},{\"@type\":\"WebSite\",\"@id\":\"https:\\\/\\\/chantailles.ch\\\/#website\",\"url\":\"https:\\\/\\\/chantailles.ch\\\/\",\"name\":\"Domaine des Chantailles\",\"description\":\"Tartegnin Pays du bon vin\",\"potentialAction\":[{\"@type\":\"SearchAction\",\"target\":{\"@type\":\"EntryPoint\",\"urlTemplate\":\"https:\\\/\\\/chantailles.ch\\\/?s={search_term_string}\"},\"query-input\":{\"@type\":\"PropertyValueSpecification\",\"valueRequired\":true,\"valueName\":\"search_term_string\"}}],\"inLanguage\":\"fr-FR\"}]}<\/script>\n<!-- \/ Yoast SEO plugin. -->","yoast_head_json":{"title":"Salle de r\u00e9ception - Domaine des Chantailles","robots":{"index":"index","follow":"follow","max-snippet":"max-snippet:-1","max-image-preview":"max-image-preview:large","max-video-preview":"max-video-preview:-1"},"canonical":"https:\/\/chantailles.ch\/?page_id=143","og_locale":"fr_FR","og_type":"article","og_title":"Salle de r\u00e9ception - Domaine des Chantailles","og_description":"Nous mettons \u00e0 votre disposition notre salle de r\u00e9ception qui peut accueillir 45 personnes et davantage en \u00e9t\u00e9 gr\u00e2ce \u00e0 la terrasse couverte. Pas envie de cuisiner? Vous trouverez des [&hellip;]","og_url":"https:\/\/chantailles.ch\/?page_id=143","og_site_name":"Domaine des Chantailles","article_modified_time":"2025-01-22T17:34:27+00:00","og_image":[{"width":1500,"height":998,"url":"https:\/\/chantailles.ch\/wp-content\/uploads\/2018\/01\/wifi.jpeg","type":"image\/jpeg"}],"twitter_card":"summary_large_image","twitter_misc":{"Dur\u00e9e de lecture estim\u00e9e":"2 minutes"},"schema":{"@context":"https:\/\/schema.org","@graph":[{"@type":"WebPage","@id":"https:\/\/chantailles.ch\/?page_id=143","url":"https:\/\/chantailles.ch\/?page_id=143","name":"Salle de r\u00e9ception - Domaine des Chantailles","isPartOf":{"@id":"https:\/\/chantailles.ch\/#website"},"primaryImageOfPage":{"@id":"https:\/\/chantailles.ch\/?page_id=143#primaryimage"},"image":{"@id":"https:\/\/chantailles.ch\/?page_id=143#primaryimage"},"thumbnailUrl":"https:\/\/chantailles.ch\/wp-content\/uploads\/2018\/01\/wifi-300x200.jpeg","datePublished":"2017-04-30T15:50:13+00:00","dateModified":"2025-01-22T17:34:27+00:00","breadcrumb":{"@id":"https:\/\/chantailles.ch\/?page_id=143#breadcrumb"},"inLanguage":"fr-FR","potentialAction":[{"@type":"ReadAction","target":["https:\/\/chantailles.ch\/?page_id=143"]}]},{"@type":"ImageObject","inLanguage":"fr-FR","@id":"https:\/\/chantailles.ch\/?page_id=143#primaryimage","url":"https:\/\/chantailles.ch\/wp-content\/uploads\/2018\/01\/wifi.jpeg","contentUrl":"https:\/\/chantailles.ch\/wp-content\/uploads\/2018\/01\/wifi.jpeg","width":1500,"height":998},{"@type":"BreadcrumbList","@id":"https:\/\/chantailles.ch\/?page_id=143#breadcrumb","itemListElement":[{"@type":"ListItem","position":1,"name":"Accueil","item":"https:\/\/chantailles.ch\/"},{"@type":"ListItem","position":2,"name":"Salle de r\u00e9ception"}]},{"@type":"WebSite","@id":"https:\/\/chantailles.ch\/#website","url":"https:\/\/chantailles.ch\/","name":"Domaine des Chantailles","description":"Tartegnin Pays du bon vin","potentialAction":[{"@type":"SearchAction","target":{"@type":"EntryPoint","urlTemplate":"https:\/\/chantailles.ch\/?s={search_term_string}"},"query-input":{"@type":"PropertyValueSpecification","valueRequired":true,"valueName":"search_term_string"}}],"inLanguage":"fr-FR"}]}},"_links":{"self":[{"href":"https:\/\/chantailles.ch\/index.php?rest_route=\/wp\/v2\/pages\/143","targetHints":{"allow":["GET"]}}],"collection":[{"href":"https:\/\/chantailles.ch\/index.php?rest_route=\/wp\/v2\/pages"}],"about":[{"href":"https:\/\/chantailles.ch\/index.php?rest_route=\/wp\/v2\/types\/page"}],"author":[{"embeddable":true,"href":"https:\/\/chantailles.ch\/index.php?rest_route=\/wp\/v2\/users\/1"}],"replies":[{"embeddable":true,"href":"https:\/\/chantailles.ch\/index.php?rest_route=%2Fwp%2Fv2%2Fcomments&post=143"}],"version-history":[{"count":11,"href":"https:\/\/chantailles.ch\/index.php?rest_route=\/wp\/v2\/pages\/143\/revisions"}],"predecessor-version":[{"id":2157,"href":"https:\/\/chantailles.ch\/index.php?rest_route=\/wp\/v2\/pages\/143\/revisions\/2157"}],"wp:attachment":[{"href":"https:\/\/chantailles.ch\/index.php?rest_route=%2Fwp%2Fv2%2Fmedia&parent=143"}],"curies":[{"name":"wp","href":"https:\/\/api.w.org\/{rel}","templated":true}]}}