{"id":178,"date":"2017-04-30T18:06:48","date_gmt":"2017-04-30T16:06:48","guid":{"rendered":"https:\/\/chantailles.ch\/?page_id=178"},"modified":"2021-08-31T17:33:09","modified_gmt":"2021-08-31T15:33:09","slug":"vaud-oeno-tourisme","status":"publish","type":"page","link":"https:\/\/chantailles.ch\/?page_id=178","title":{"rendered":"Vaud Oeno-tourisme"},"content":{"rendered":"<p><strong>Vaud \u0152notourisme<\/strong><br \/><strong> \u00c9tablissement certifi\u00e9<\/strong><\/p>\n<p>Canton viticole et terre gourmande, le Pays de Vaud est une r\u00e9gion d\u2019excellence pour tous les visiteurs \u00e9picuriens. La certification \u00ab\u2009Vaud \u0152notourisme\u2009\u00bb distingue les professionnels vaudois de l\u2019h\u00f4tellerie, de la restauration, des vins et du bon go\u00fbt en g\u00e9n\u00e9ral, qui attachent une importance particuli\u00e8re \u00e0 fournir une offre touristique et gourmande de qualit\u00e9. Initi\u00e9e par le canton de Vaud, la certification \u00ab\u2009Vaud \u0152notourisme\u2009\u00bb cr\u00e9e un r\u00e9seau de lieux o\u00f9 vous serez s\u00fbr de d\u00e9couvrir, partager et surtout go\u00fbter le terroir vaudois\u2009!<\/p>\n<p><strong>\u00d6notourismus Waadtland<\/strong><br \/><strong> Zertifizierter Betrieb<\/strong><\/p>\n<p>Das Waadtland ist ein Kanton des Weines und der Gaumenfreuden und eine Top-Adresse f\u00fcr Feinschmecker. Die Zertifizierung \u00ab\u2009\u00d6notourismus Waadtland\u2009\u00bb zeichnet Waadtl\u00e4nder Hotellerie- und Gastronomiebetriebe sowie Weine und ganz allgemein k\u00f6stliche Geschmackserlebnisse aus, bei denen das besondere Augenmerk auf einem qualitativ hochwertigen touristischen und kulinarischen Angebot liegt. Die Zertifizierung \u00ab\u2009\u00d6notourismus Waadtland\u2009\u00bb wurde durch den Kanton Waadt initiiert. Sie schafft ein Netzwerk von Adressen, bei denen Sie sicher sein k\u00f6nnen, Waadtl\u00e4nder Regionalprodukte zu finden, zu erleben und vor allem zu kosten!<\/p>\n<p><strong>Vaud Wine Tourism<\/strong><br \/><strong> Certified establishment<\/strong><\/p>\n<p>The county of Vaud, a wine-producing canton and a land for gourmets, is a region of excellence. The \u201cVaud Wine Tourism\u201d certification distinguishes those Vaudois professionals in the hotel and catering trades as well as in the field of wines and good taste, who attach great importance to providing top-quality tourist and gourmet offers. Initiated by the canton of Vaud, the \u201cVaud Wine Tourism\u201d certification has created a network of venues where you can discover, share and above all taste Vaudois terroir products!<\/p>\n<p>\u00a0<\/p>\n<p><b>D\u00e9gustations-Weinedegustation-Wine tasting<\/b><\/p>\n<p>Formule \/ Formel \/ Package<\/p>\n<p><strong>*D\u00e9couverte 10.-<\/strong><br \/>3 vins au choix, b\u00e2tonnets vaudois (Pour les enfants : jus de raisin, gratuit)<br \/>3 Weine zur Auswahl, waadterstengeli (F\u00fcr Kinder: Traubensaft, gratis)<br \/>3 wines to choose from, Vaud sticks (For children: grape juice, free)<\/p>\n<p>______________________________________________________<\/p>\n<p style=\"text-align: left;\"><strong>*Passion 15.-<\/strong><\/p>\n<p style=\"text-align: left;\">6 vins au choix, b\u00e2tonnets vaudois (Pour les enfants : jus de raisin, gratuit)<br \/>6 Weine zur Auswahl, waadterstengeli (F\u00fcr Kinder: Traubensaft, gratis)<br \/>6 wines to choose from, Vaud sticks (For children: grape juice, free)<\/p>\n<p style=\"text-align: left;\">______________________________________________________<\/p>\n<p><strong>**Vins et produits du terroir 20.-<\/strong><br \/>3-5 vins au choix, b\u00e2tonnets vaudois, saucisson vaudois, gruy\u00e8re AOP<br \/>3-5 Weine zur Auswahl, Waadterstengeli, waadtere getrocknete Wurst, gruy\u00e8re AOP<br \/>(F\u00fcr Kinder: Traubensaft, 10.-)<br \/>3-5 wines to choose from, Vaud sticks, Vaud dry sausage, gruy\u00e8re AOP<br \/>(For children: grape juice, 10.-)<\/p>\n<p>______________________________________________________<\/p>\n<h6><em>*Gratuit si commande d\u00e8s 50.-<\/em><br \/><em>*Gratis zu jeder Bestellung ab 50.-<\/em><br \/><em>*For free if order starting from 50.-<\/em><\/h6>\n<p><em>**Gratuit si commande d\u00e8s 100.-<\/em><br \/><em>** Gratis zu jeder Bestellung ab 100.-<\/em><br \/><em>**For free if order starting from 100.-<\/em><\/p>\n<h2>Domaine des Chantailles &#8211; D\u00e9couverte de Cave<\/h2>\n<h4>Prestations incluses<\/h4>\n<ul>\n<li>Visite de la cave<\/li>\n<li>Explications sur le domaine<\/li>\n<li>D\u00e9gustation de 4 vins<\/li>\n<li>1 bouteille souvenir par personne<\/li>\n<li>Dur\u00e9e approximative : 1h15<\/li>\n<\/ul>\n<p><strong>39,00 CHF <\/strong><em>Par personne<\/em><\/p>\n\n\n<div class=\"wp-block-buttons is-layout-flex wp-block-buttons-is-layout-flex\">\n<div class=\"wp-block-button\"><a class=\"wp-block-button__link\" href=\"https:\/\/tportal.toubiz.de\/OTV1\/offer\/detail\/TDS00020011568385790#tp-anchor-search\" target=\"_blank\" rel=\"noreferrer noopener\">Choisir une date<\/a><\/div>\n<\/div>\n\n\n\n<p><\/p>\n","protected":false},"excerpt":{"rendered":"<p>Vaud \u0152notourisme \u00c9tablissement certifi\u00e9 Canton viticole et terre gourmande, le Pays de Vaud est une r\u00e9gion d\u2019excellence pour tous les visiteurs \u00e9picuriens. La certification \u00ab\u2009Vaud \u0152notourisme\u2009\u00bb distingue les professionnels vaudois [&hellip;]<\/p>\n","protected":false},"author":1,"featured_media":0,"parent":0,"menu_order":0,"comment_status":"closed","ping_status":"closed","template":"","meta":{"footnotes":""},"class_list":["post-178","page","type-page","status-publish","hentry"],"yoast_head":"<!-- This site is optimized with the Yoast SEO plugin v27.4 - https:\/\/yoast.com\/product\/yoast-seo-wordpress\/ -->\n<title>Vaud Oeno-tourisme - Domaine des Chantailles<\/title>\n<meta name=\"robots\" content=\"index, follow, max-snippet:-1, max-image-preview:large, max-video-preview:-1\" \/>\n<link rel=\"canonical\" href=\"https:\/\/chantailles.ch\/?page_id=178\" \/>\n<meta property=\"og:locale\" content=\"fr_FR\" \/>\n<meta property=\"og:type\" content=\"article\" \/>\n<meta property=\"og:title\" content=\"Vaud Oeno-tourisme - Domaine des Chantailles\" \/>\n<meta property=\"og:description\" content=\"Vaud \u0152notourisme \u00c9tablissement certifi\u00e9 Canton viticole et terre gourmande, le Pays de Vaud est une r\u00e9gion d\u2019excellence pour tous les visiteurs \u00e9picuriens. La certification \u00ab\u2009Vaud \u0152notourisme\u2009\u00bb distingue les professionnels vaudois [&hellip;]\" \/>\n<meta property=\"og:url\" content=\"https:\/\/chantailles.ch\/?page_id=178\" \/>\n<meta property=\"og:site_name\" content=\"Domaine des Chantailles\" \/>\n<meta property=\"article:modified_time\" content=\"2021-08-31T15:33:09+00:00\" \/>\n<meta name=\"twitter:card\" content=\"summary_large_image\" \/>\n<meta name=\"twitter:label1\" content=\"Dur\u00e9e de lecture estim\u00e9e\" \/>\n\t<meta name=\"twitter:data1\" content=\"2 minutes\" \/>\n<script type=\"application\/ld+json\" class=\"yoast-schema-graph\">{\"@context\":\"https:\\\/\\\/schema.org\",\"@graph\":[{\"@type\":\"WebPage\",\"@id\":\"https:\\\/\\\/chantailles.ch\\\/?page_id=178\",\"url\":\"https:\\\/\\\/chantailles.ch\\\/?page_id=178\",\"name\":\"Vaud Oeno-tourisme - Domaine des Chantailles\",\"isPartOf\":{\"@id\":\"https:\\\/\\\/chantailles.ch\\\/#website\"},\"datePublished\":\"2017-04-30T16:06:48+00:00\",\"dateModified\":\"2021-08-31T15:33:09+00:00\",\"breadcrumb\":{\"@id\":\"https:\\\/\\\/chantailles.ch\\\/?page_id=178#breadcrumb\"},\"inLanguage\":\"fr-FR\",\"potentialAction\":[{\"@type\":\"ReadAction\",\"target\":[\"https:\\\/\\\/chantailles.ch\\\/?page_id=178\"]}]},{\"@type\":\"BreadcrumbList\",\"@id\":\"https:\\\/\\\/chantailles.ch\\\/?page_id=178#breadcrumb\",\"itemListElement\":[{\"@type\":\"ListItem\",\"position\":1,\"name\":\"Accueil\",\"item\":\"https:\\\/\\\/chantailles.ch\\\/\"},{\"@type\":\"ListItem\",\"position\":2,\"name\":\"Vaud Oeno-tourisme\"}]},{\"@type\":\"WebSite\",\"@id\":\"https:\\\/\\\/chantailles.ch\\\/#website\",\"url\":\"https:\\\/\\\/chantailles.ch\\\/\",\"name\":\"Domaine des Chantailles\",\"description\":\"Tartegnin Pays du bon vin\",\"potentialAction\":[{\"@type\":\"SearchAction\",\"target\":{\"@type\":\"EntryPoint\",\"urlTemplate\":\"https:\\\/\\\/chantailles.ch\\\/?s={search_term_string}\"},\"query-input\":{\"@type\":\"PropertyValueSpecification\",\"valueRequired\":true,\"valueName\":\"search_term_string\"}}],\"inLanguage\":\"fr-FR\"}]}<\/script>\n<!-- \/ Yoast SEO plugin. -->","yoast_head_json":{"title":"Vaud Oeno-tourisme - Domaine des Chantailles","robots":{"index":"index","follow":"follow","max-snippet":"max-snippet:-1","max-image-preview":"max-image-preview:large","max-video-preview":"max-video-preview:-1"},"canonical":"https:\/\/chantailles.ch\/?page_id=178","og_locale":"fr_FR","og_type":"article","og_title":"Vaud Oeno-tourisme - Domaine des Chantailles","og_description":"Vaud \u0152notourisme \u00c9tablissement certifi\u00e9 Canton viticole et terre gourmande, le Pays de Vaud est une r\u00e9gion d\u2019excellence pour tous les visiteurs \u00e9picuriens. La certification \u00ab\u2009Vaud \u0152notourisme\u2009\u00bb distingue les professionnels vaudois [&hellip;]","og_url":"https:\/\/chantailles.ch\/?page_id=178","og_site_name":"Domaine des Chantailles","article_modified_time":"2021-08-31T15:33:09+00:00","twitter_card":"summary_large_image","twitter_misc":{"Dur\u00e9e de lecture estim\u00e9e":"2 minutes"},"schema":{"@context":"https:\/\/schema.org","@graph":[{"@type":"WebPage","@id":"https:\/\/chantailles.ch\/?page_id=178","url":"https:\/\/chantailles.ch\/?page_id=178","name":"Vaud Oeno-tourisme - Domaine des Chantailles","isPartOf":{"@id":"https:\/\/chantailles.ch\/#website"},"datePublished":"2017-04-30T16:06:48+00:00","dateModified":"2021-08-31T15:33:09+00:00","breadcrumb":{"@id":"https:\/\/chantailles.ch\/?page_id=178#breadcrumb"},"inLanguage":"fr-FR","potentialAction":[{"@type":"ReadAction","target":["https:\/\/chantailles.ch\/?page_id=178"]}]},{"@type":"BreadcrumbList","@id":"https:\/\/chantailles.ch\/?page_id=178#breadcrumb","itemListElement":[{"@type":"ListItem","position":1,"name":"Accueil","item":"https:\/\/chantailles.ch\/"},{"@type":"ListItem","position":2,"name":"Vaud Oeno-tourisme"}]},{"@type":"WebSite","@id":"https:\/\/chantailles.ch\/#website","url":"https:\/\/chantailles.ch\/","name":"Domaine des Chantailles","description":"Tartegnin Pays du bon vin","potentialAction":[{"@type":"SearchAction","target":{"@type":"EntryPoint","urlTemplate":"https:\/\/chantailles.ch\/?s={search_term_string}"},"query-input":{"@type":"PropertyValueSpecification","valueRequired":true,"valueName":"search_term_string"}}],"inLanguage":"fr-FR"}]}},"_links":{"self":[{"href":"https:\/\/chantailles.ch\/index.php?rest_route=\/wp\/v2\/pages\/178","targetHints":{"allow":["GET"]}}],"collection":[{"href":"https:\/\/chantailles.ch\/index.php?rest_route=\/wp\/v2\/pages"}],"about":[{"href":"https:\/\/chantailles.ch\/index.php?rest_route=\/wp\/v2\/types\/page"}],"author":[{"embeddable":true,"href":"https:\/\/chantailles.ch\/index.php?rest_route=\/wp\/v2\/users\/1"}],"replies":[{"embeddable":true,"href":"https:\/\/chantailles.ch\/index.php?rest_route=%2Fwp%2Fv2%2Fcomments&post=178"}],"version-history":[{"count":15,"href":"https:\/\/chantailles.ch\/index.php?rest_route=\/wp\/v2\/pages\/178\/revisions"}],"predecessor-version":[{"id":1622,"href":"https:\/\/chantailles.ch\/index.php?rest_route=\/wp\/v2\/pages\/178\/revisions\/1622"}],"wp:attachment":[{"href":"https:\/\/chantailles.ch\/index.php?rest_route=%2Fwp%2Fv2%2Fmedia&parent=178"}],"curies":[{"name":"wp","href":"https:\/\/api.w.org\/{rel}","templated":true}]}}