{"id":29,"date":"2017-05-01T23:00:10","date_gmt":"2017-05-01T21:00:10","guid":{"rendered":"http:\/\/mqeaflcc.preview.infomaniak.website\/?page_id=29"},"modified":"2024-03-29T17:44:02","modified_gmt":"2024-03-29T16:44:02","slug":"vins","status":"publish","type":"page","link":"https:\/\/chantailles.ch\/?page_id=29","title":{"rendered":"Vins"},"content":{"rendered":"<p>Au b\u00e9n\u00e9fice de l&rsquo;appellation DOMAINE encore plus restrictive que celle d&rsquo;appellation d&rsquo;origine contr\u00f4l\u00e9e, nos vins sont le fruit du mariage des terroirs et des c\u00e9pages de nos vignes.<br \/>\nEn toutes occasions, pour un ap\u00e9ritif ou un repas, de l&rsquo;entr\u00e9e au dessert, vous \u00eates assur\u00e9 de trouver le vin qui convient dans la gamme de nos produits.<\/p>\n<p>Chasselas Tartegnin et Mont-sur-Rolle Grand Cru\u00a0La C\u00f4te AOC<\/p>\n<p><strong><u> <img loading=\"lazy\" decoding=\"async\" class=\"alignleft wp-image-221\" src=\"https:\/\/chantailles.ch\/wp-content\/uploads\/2017\/04\/15ch-et-CM-sun-web.jpg\" alt=\"\" width=\"110\" height=\"160\" srcset=\"https:\/\/chantailles.ch\/wp-content\/uploads\/2017\/04\/15ch-et-CM-sun-web.jpg 308w, https:\/\/chantailles.ch\/wp-content\/uploads\/2017\/04\/15ch-et-CM-sun-web-206x300.jpg 206w, https:\/\/chantailles.ch\/wp-content\/uploads\/2017\/04\/15ch-et-CM-sun-web-230x335.jpg 230w\" sizes=\"auto, (max-width: 110px) 100vw, 110px\" \/><\/u><u>C\u00e9page :<\/u>\u00a0Chasselas<\/strong><\/p>\n<p><strong><u>Description\u00a0:<\/u><\/strong> Vin fruit\u00e9, floral, notes d\u2019agrumes ou de fleurs de tilleul. L\u00e9g\u00e8rement carbonique, gouleyant, fruit\u00e9 et souple en bouche. Finale min\u00e9rale.<\/p>\n<p><strong><u>Recommand\u00e9\u00a0:<\/u><\/strong> C\u00e9page roi de l\u2019ap\u00e9ritif, il accompagne \u00e0 merveille poissons du lac et fromages.<\/p>\n<p><strong><u>Garde\u00a0:<\/u><\/strong> 2 \u00e0 3 ans. Mais se conserve \u00e9galement tr\u00e8s bien plus de 6 ans et d\u00e9veloppe d\u2019autres ar\u00f4mes int\u00e9ressants.<\/p>\n<p><strong><span style=\"text-decoration: underline;\">Prix:<\/span>\u00a0 \u00a0 \u00a0<\/strong>75cl\u00a0 \u00a0 CHF\u00a0 11.50\u00a0 \u00a0 \u00a0 50cl\u00a0 \u00a0CHF\u00a0 8.-<\/p>\n<p>Impromptu Tartegnin Grand Cru\u00a0La C\u00f4te AOC &#8211; assemblage<\/p>\n<p><strong><u><img loading=\"lazy\" decoding=\"async\" class=\"alignleft wp-image-267\" src=\"https:\/\/chantailles.ch\/wp-content\/uploads\/2017\/05\/15im-sun-clair-web.jpg\" alt=\"\" width=\"63\" height=\"160\" srcset=\"https:\/\/chantailles.ch\/wp-content\/uploads\/2017\/05\/15im-sun-clair-web.jpg 176w, https:\/\/chantailles.ch\/wp-content\/uploads\/2017\/05\/15im-sun-clair-web-118x300.jpg 118w\" sizes=\"auto, (max-width: 63px) 100vw, 63px\" \/>C\u00e9pages :<\/u> Chasselas et Pinot blanc<\/strong><\/p>\n<p><strong><u>Description\u00a0:<\/u><\/strong>\u00a0Finesse des ar\u00f4mes de fleurs blanches et de min\u00e9ralit\u00e9. En bouche, grande fra\u00eecheur, m\u00ealant vivacit\u00e9 et bonne longueur, notes salines h\u00e9rit\u00e9es du Pinot Blanc.<\/p>\n<p><strong><u>Recommand\u00e9\u00a0:<\/u><\/strong>\u00a0Pour l&rsquo;ap\u00e9ritif, avec des entr\u00e9es et surtout pour accompagner les poissons du lac.<\/p>\n<p><strong><u>Garde\u00a0:<\/u><\/strong> 2 \u00e0 3 ans. Mais se conserve \u00e9galement tr\u00e8s bien plus de 6 ans et d\u00e9veloppe d\u2019autres ar\u00f4mes int\u00e9ressants.<\/p>\n<p><strong><span style=\"text-decoration: underline;\">Prix:<\/span>\u00a0 \u00a0 \u00a0<\/strong>75cl\u00a0 \u00a0 CHF\u00a0 14.-\u00a0 \u00a0 \u00a0 50cl\u00a0 \u00a0CHF\u00a0 10.-<\/p>\n<p>Sarabande Tartegnin Grand Cru\u00a0La C\u00f4te AOC<\/p>\n<p><strong><u><img loading=\"lazy\" decoding=\"async\" class=\"alignleft wp-image-251\" src=\"https:\/\/chantailles.ch\/wp-content\/uploads\/2017\/04\/15taweb.jpg\" alt=\"\" width=\"60\" height=\"160\" srcset=\"https:\/\/chantailles.ch\/wp-content\/uploads\/2017\/04\/15taweb.jpg 168w, https:\/\/chantailles.ch\/wp-content\/uploads\/2017\/04\/15taweb-113x300.jpg 113w\" sizes=\"auto, (max-width: 60px) 100vw, 60px\" \/>C\u00e9page\u00a0:<\/u><\/strong> <strong>Kerner<\/strong><\/p>\n<p><strong><u>Description\u00a0:<\/u><\/strong> Ar\u00f4mes de mangue, de fruits exotiques et d&rsquo;\u00e9pices. En bouche, la fra\u00eecheur de notes citronn\u00e9es se marie \u00e0 une finale onctueuse.<\/p>\n<p><strong><u>Recommand\u00e9\u00a0:<\/u><\/strong> Pour l&rsquo;ap\u00e9ritif, avec des sushis ou des plats \u00e9pic\u00e9s orientaux, avec des fromages bleus.<\/p>\n<p><strong><u>Garde\u00a0:<\/u><\/strong> 2 \u00e0 4 ans.<\/p>\n<p><strong><span style=\"text-decoration: underline;\">Prix:<\/span>\u00a0<\/strong>\u00a0 \u00a0 \u00a050cl\u00a0 \u00a0CHF\u00a0 16.50<\/p>\n<p>Sonate Tartegnin Grand Cru\u00a0La C\u00f4te AOC<\/p>\n<p><strong><u><img loading=\"lazy\" decoding=\"async\" class=\"alignleft wp-image-250\" src=\"https:\/\/chantailles.ch\/wp-content\/uploads\/2017\/04\/15sosun-web.jpg\" alt=\"\" width=\"63\" height=\"160\" \/>C\u00e9page\u00a0:<\/u> Pinot Blanc<\/strong><\/p>\n<p><strong><u>Description\u00a0:<\/u><\/strong> Bouquet tout en finesse et citronn\u00e9. Vin ample en bouche avec des notes salines. Bon \u00e9quilibre entre l\u2019acidit\u00e9 et la rondeur.<\/p>\n<p><strong><u>Recommand\u00e9\u00a0:<\/u><\/strong> En ap\u00e9ritif ou pour accompagner poissons du lac, crudit\u00e9s ou terrines.<\/p>\n<p><strong><u>Garde\u00a0:<\/u><\/strong> 1 \u00e0 6 ans.<\/p>\n<p><strong><span style=\"text-decoration: underline;\">Prix:<\/span>\u00a0 \u00a0 \u00a0<\/strong>75cl\u00a0 \u00a0 CHF\u00a0 15.-\u00a0 \u00a0 \u00a0 50cl\u00a0 \u00a0CHF\u00a0 11.-<\/p>\n<p>M\u00e9lodie Tartegnin Grand Cru\u00a0La C\u00f4te AOC<\/p>\n<p><strong><u><img loading=\"lazy\" decoding=\"async\" class=\"alignleft wp-image-265\" src=\"https:\/\/chantailles.ch\/wp-content\/uploads\/2017\/05\/15mesun-clair-web.jpg\" alt=\"\" width=\"63\" height=\"160\" \/>C\u00e9page\u00a0:<\/u><\/strong> <strong>Viognier<\/strong><\/p>\n<p><strong><u>Description\u00a0:<\/u><\/strong> Au bouquet et en bouche, ar\u00f4mes typ\u00e9s de p\u00eache et d\u2019abricot mari\u00e9s \u00e0 ceux d\u2019un \u00e9levage partiel en f\u00fbt de ch\u00eane. Vin sec, la vivacit\u00e9 naturelle du c\u00e9page est contrebalanc\u00e9e par l\u2019onctuosit\u00e9 de la vinification sur lies.<\/p>\n<p><strong><u>Recommand\u00e9\u00a0:<\/u><\/strong> Pour accompagner poissons de mer ou crustac\u00e9s. Convient \u00e9galement parfaitement avec des desserts aux fruits ou au chocolat.<\/p>\n<p><strong><u>Garde\u00a0:<\/u><\/strong> 2 \u00e0 4 ans.<\/p>\n<p><strong><span style=\"text-decoration: underline;\">Prix:<\/span>\u00a0 \u00a0 \u00a0<\/strong>75cl\u00a0 \u00a0 CHF\u00a0 18.50\u00a0 \u00a0 \u00a0 50cl\u00a0 \u00a0CHF\u00a0 14.-<\/p>\n<p>Ros\u00e9 Tartegnin Grand Cru\u00a0La C\u00f4te AOC<\/p>\n<p><strong><u><img loading=\"lazy\" decoding=\"async\" class=\"alignleft wp-image-266\" src=\"https:\/\/chantailles.ch\/wp-content\/uploads\/2017\/05\/16rosun-clair-web.jpg\" alt=\"\" width=\"61\" height=\"160\" srcset=\"https:\/\/chantailles.ch\/wp-content\/uploads\/2017\/05\/16rosun-clair-web.jpg 170w, https:\/\/chantailles.ch\/wp-content\/uploads\/2017\/05\/16rosun-clair-web-114x300.jpg 114w\" sizes=\"auto, (max-width: 61px) 100vw, 61px\" \/>C\u00e9page\u00a0:<\/u><\/strong> <strong>Gamay<\/strong><\/p>\n<p><strong><u>Description\u00a0:<\/u><\/strong> Frais et fruit\u00e9. Bouquet de fruits rouges. En bouche, fruit\u00e9, gouleyant et harmonieux.<\/p>\n<p><strong><u>Recommand\u00e9\u00a0:<\/u><\/strong> Parfait pour l\u2019ap\u00e9ritif. Il accompagne \u00e0 merveille tous les repas d\u2019\u00e9t\u00e9, la cuisine asiatique ou les plats de crustac\u00e9s et de fruits de mer.<\/p>\n<p><strong><u>Garde\u00a0:<\/u><\/strong> A boire jeune 1 \u00e0 2 ans.<\/p>\n<p><strong><span style=\"text-decoration: underline;\">Prix:<\/span>\u00a0 \u00a0 \u00a0<\/strong>75cl\u00a0 \u00a0 CHF\u00a0 11.50\u00a0 \u00a0 \u00a0 50cl\u00a0 \u00a0CHF\u00a0 8.-<\/p>\n<p>Gamay Tartegnin Grand Cru\u00a0La C\u00f4te AOC<\/p>\n<p><strong><u><img loading=\"lazy\" decoding=\"async\" class=\"alignleft wp-image-230\" src=\"https:\/\/chantailles.ch\/wp-content\/uploads\/2017\/04\/14gasun-web.jpg\" alt=\"\" width=\"65\" height=\"160\" srcset=\"https:\/\/chantailles.ch\/wp-content\/uploads\/2017\/04\/14gasun-web.jpg 183w, https:\/\/chantailles.ch\/wp-content\/uploads\/2017\/04\/14gasun-web-123x300.jpg 123w\" sizes=\"auto, (max-width: 65px) 100vw, 65px\" \/>C\u00e9page\u00a0:<\/u><\/strong> <strong>Gamay<\/strong><\/p>\n<p><strong><u>Description\u00a0:<\/u><\/strong> Robe rubis. Bouquet caract\u00e9ris\u00e9 par les fruits rouges, avec des notes \u00e9pic\u00e9es. Bouche fruit\u00e9e de bonne longueur, tanins souples.<\/p>\n<p><strong><u>Recommand\u00e9\u00a0:<\/u><\/strong> Avec de la volaille ou des viandes blanches. Pour les repas d\u2019\u00e9t\u00e9 ou des mets tout en finesse. Servi plus frais, il convient aussi en ap\u00e9ritif.<\/p>\n<p><strong><u>Garde\u00a0:<\/u><\/strong> 2 \u00e0 5 ans.<\/p>\n<p><strong><span style=\"text-decoration: underline;\">Prix:<\/span>\u00a0 \u00a0 \u00a0<\/strong>75cl\u00a0 \u00a0 CHF\u00a0 11.50\u00a0 \u00a0 \u00a0 50cl\u00a0 \u00a0CHF\u00a0 8.-<\/p>\n<p>Pinot Noir La C\u00f4te AOC<\/p>\n<p><strong><u><img loading=\"lazy\" decoding=\"async\" class=\"alignleft wp-image-247\" src=\"https:\/\/chantailles.ch\/wp-content\/uploads\/2017\/04\/15pnsun-web.jpg\" alt=\"\" width=\"63\" height=\"160\" srcset=\"https:\/\/chantailles.ch\/wp-content\/uploads\/2017\/04\/15pnsun-web.jpg 176w, https:\/\/chantailles.ch\/wp-content\/uploads\/2017\/04\/15pnsun-web-118x300.jpg 118w\" sizes=\"auto, (max-width: 63px) 100vw, 63px\" \/>C\u00e9page\u00a0:<\/u><\/strong> <strong>Pinot<\/strong> <strong>Noir<\/strong><\/p>\n<p><strong><u>Description\u00a0:<\/u><\/strong> Nez fruit\u00e9 et typ\u00e9 de framboise ou de fruits rouges. En bouche, fruit\u00e9, souple avec des tanins pr\u00e9sents mais soyeux.<\/p>\n<p><strong><u>Recommand\u00e9\u00a0:<\/u><\/strong> Avec des viandes grill\u00e9es rouges ou blanches. Il s\u2019accorde avec une grande vari\u00e9t\u00e9 de plats.<\/p>\n<p><strong><u>Garde\u00a0:<\/u><\/strong> 5 \u00e0 10 ans.<\/p>\n<p><strong><span style=\"text-decoration: underline;\">Prix:<\/span>\u00a0 \u00a0 \u00a0<\/strong>75cl\u00a0 \u00a0 CHF\u00a0 14.-\u00a0 \u00a0 \u00a0 50cl\u00a0 \u00a0CHF\u00a0 10.-<\/p>\n<p>Oratorio La C\u00f4te AOC \u2013\u00a0assemblage<\/p>\n<p><strong><u><img loading=\"lazy\" decoding=\"async\" class=\"alignleft wp-image-235\" src=\"https:\/\/chantailles.ch\/wp-content\/uploads\/2017\/04\/14orsun-web.jpg\" alt=\"\" width=\"61\" height=\"160\" srcset=\"https:\/\/chantailles.ch\/wp-content\/uploads\/2017\/04\/14orsun-web.jpg 170w, https:\/\/chantailles.ch\/wp-content\/uploads\/2017\/04\/14orsun-web-114x300.jpg 114w\" sizes=\"auto, (max-width: 61px) 100vw, 61px\" \/>C\u00e9page\u00a0:<\/u><\/strong> <strong>Gamaret<\/strong> <strong>et Garanoir<\/strong><\/p>\n<p><strong><u>Description\u00a0:<\/u><\/strong> Robe fonc\u00e9e et violac\u00e9e. Nez fruit\u00e9 de fruits rouges, de cerise. En bouche, peu acide, fruit\u00e9 et complexe, tanins souples et fins.<\/p>\n<p><strong><u>Recommand\u00e9\u00a0:<\/u><\/strong> Pour accompagner viandes rouges grill\u00e9es ou en sauce. Avec des fromages.<\/p>\n<p><strong><u>Garde\u00a0:<\/u><\/strong> 5 \u00e0 10 ans.<\/p>\n<p><strong><span style=\"text-decoration: underline;\">Prix:<\/span>\u00a0 \u00a0 \u00a0<\/strong>75cl\u00a0 \u00a0 CHF\u00a0 16.50\u00a0 \u00a0 \u00a0 50cl\u00a0 \u00a0CHF\u00a0 12.50<\/p>\n<p>Concerto La C\u00f4te AOC<\/p>\n<p><strong><u><img loading=\"lazy\" decoding=\"async\" class=\"alignleft wp-image-227\" src=\"https:\/\/chantailles.ch\/wp-content\/uploads\/2017\/04\/13cosun-web-133x300.jpg\" alt=\"\" width=\"71\" height=\"160\" srcset=\"https:\/\/chantailles.ch\/wp-content\/uploads\/2017\/04\/13cosun-web-133x300.jpg 133w, https:\/\/chantailles.ch\/wp-content\/uploads\/2017\/04\/13cosun-web.jpg 199w\" sizes=\"auto, (max-width: 71px) 100vw, 71px\" \/>C\u00e9page\u00a0:<\/u><\/strong> <strong>Gamaret<\/strong><\/p>\n<p><strong><u>Description\u00a0:<\/u><\/strong> Robe fonc\u00e9e et profonde. Bouquet complexe tr\u00e8s l\u00e9g\u00e8rement vanill\u00e9, note de pain grill\u00e9 mari\u00e9 avec le fruit\u00e9 du c\u00e9page, cerise noire ou cassis. Bouche dense, structur\u00e9e m\u00ealant le fruit \u00e0 l\u2019\u00e9levage en f\u00fbt de ch\u00eane.<\/p>\n<p><strong><u>Recommand\u00e9\u00a0:<\/u><\/strong> Plats typ\u00e9s comme la chasse, les viandes cors\u00e9es et les fromages relev\u00e9s. S\u2019accorde \u00e9galement tr\u00e8s bien avec des desserts au chocolat.<\/p>\n<p><strong><u>Garde\u00a0:<\/u><\/strong> 8 \u00e0 10 ans ou plus.<\/p>\n<p><strong><span style=\"text-decoration: underline;\">Prix:<\/span>\u00a0 \u00a0 \u00a0<\/strong>75cl\u00a0 \u00a0 CHF\u00a0 19.50\u00a0 \u00a0 \u00a0 50cl\u00a0 \u00a0CHF\u00a0 14.-<\/p>\n<p>Symphonie Tartegnin Grand Cru\u00a0La C\u00f4te AOC \u2013\u00a0assemblage<\/p>\n<p><strong><u><img loading=\"lazy\" decoding=\"async\" class=\"alignleft wp-image-238\" src=\"https:\/\/chantailles.ch\/wp-content\/uploads\/2017\/04\/14sysun-web.jpg\" alt=\"\" width=\"60\" height=\"163\" srcset=\"https:\/\/chantailles.ch\/wp-content\/uploads\/2017\/04\/14sysun-web.jpg 165w, https:\/\/chantailles.ch\/wp-content\/uploads\/2017\/04\/14sysun-web-110x300.jpg 110w\" sizes=\"auto, (max-width: 60px) 100vw, 60px\" \/>C\u00e9page\u00a0:<\/u><\/strong> <strong>Syrah, Merlot, Cabernet Franc, Diolinoir et Carminoir<\/strong><\/p>\n<p><strong><u>Description\u00a0:<\/u><\/strong> Robe rouge fonc\u00e9e. Bouquet tr\u00e8s fruit\u00e9, complexe. En bouche, le fruit se marie aux ar\u00f4mes h\u00e9rit\u00e9s de l\u2019\u00e9levage en f\u00fbt de ch\u00eane. Vin \u00e0 forte structure et pr\u00e9sence tannique.<\/p>\n<p><strong><u>Recommand\u00e9\u00a0:<\/u><\/strong> Accompagne des mets typ\u00e9s ou \u00e9pic\u00e9s, tels la chasse, les viandes rouges ou des fromages \u00e0 forte personnalit\u00e9.<\/p>\n<p><strong><u>Garde\u00a0:<\/u><\/strong> 8 \u00e0 10 ans ou plus.<\/p>\n<p><strong><span style=\"text-decoration: underline;\">Prix:<\/span>\u00a0 \u00a0 \u00a0<\/strong>75cl\u00a0 \u00a0 CHF\u00a0 24.-\u00a0 \u00a0 \u00a0 50cl\u00a0\u00a0 CHF\u00a0 17.50<\/p>\n<p>Nocturne Mont-sur-Rolle Grand Cru La C\u00f4te AOC<\/p>\n<p><strong><u><img loading=\"lazy\" decoding=\"async\" class=\"alignleft wp-image-261\" src=\"https:\/\/chantailles.ch\/wp-content\/uploads\/2017\/04\/14nosun-web.jpg\" alt=\"\" width=\"61\" height=\"160\" srcset=\"https:\/\/chantailles.ch\/wp-content\/uploads\/2017\/04\/14nosun-web.jpg 171w, https:\/\/chantailles.ch\/wp-content\/uploads\/2017\/04\/14nosun-web-115x300.jpg 115w\" sizes=\"auto, (max-width: 61px) 100vw, 61px\" \/>C\u00e9page\u00a0:<\/u><\/strong>\u00a0<strong>Galotta<\/strong><\/p>\n<p><strong><u>Description\u00a0:<\/u>\u00a0<\/strong>Robe violet sombre, bouquet complexe de m\u00fbres, cassis, f\u00e8ve de cacao. En bouche, le fruit se marie \u00e0 des ar\u00f4mes confits, de\u00a0r\u00e9glisse avec des notes \u00e9pic\u00e9es. \u00c9lev\u00e9\u00a0en f\u00fbt de ch\u00eane, les\u00a0tanins offrent un contraste de velout\u00e9 et de\u00a0virilit\u00e9.<\/p>\n<p><strong><u>Recommand\u00e9\u00a0:<\/u>\u00a0<\/strong>Accompagne le fromage, les viandes rouges et les plats italiens.<\/p>\n<p><strong><u>Garde\u00a0:<\/u><\/strong> 8 \u00e0 10 ans ou plus.<\/p>\n<p><strong><span style=\"text-decoration: underline;\">Prix:<\/span>\u00a0 \u00a0 \u00a0<\/strong>75cl\u00a0 \u00a0 CHF\u00a0 24.-<\/p>\n<p>Romance Tartegnin Grand Cru\u00a0La C\u00f4te AOC \u2013\u00a0vin doux<\/p>\n<p><strong><u><img loading=\"lazy\" decoding=\"async\" class=\"alignleft wp-image-251\" src=\"https:\/\/chantailles.ch\/wp-content\/uploads\/2017\/04\/15taweb.jpg\" alt=\"\" width=\"60\" height=\"160\" srcset=\"https:\/\/chantailles.ch\/wp-content\/uploads\/2017\/04\/15taweb.jpg 168w, https:\/\/chantailles.ch\/wp-content\/uploads\/2017\/04\/15taweb-113x300.jpg 113w\" sizes=\"auto, (max-width: 60px) 100vw, 60px\" \/>C\u00e9page\u00a0:<\/u><\/strong> <strong>Chasselas et Kerner<\/strong><\/p>\n<p><strong><u>Description\u00a0:<\/u><\/strong> Bouquet complexe et caract\u00e9ristique de vendange tardive et passerill\u00e9e. En bouche, \u00e9quilibre entre le sucre, l\u2019acidit\u00e9 et l\u2019alcool. Douceur de l\u2019attaque, fruit\u00e9, rond, structur\u00e9 et d\u2019une grande longueur.<\/p>\n<p><strong><u>Recommand\u00e9\u00a0:<\/u><\/strong> Foie gras, terrines, mets \u00e9pic\u00e9s, fromages bleus ou pour accompagner les desserts.<\/p>\n<p><strong><u>Garde\u00a0:<\/u><\/strong> 8 \u00e0 10 ans ou plus.<\/p>\n<p><strong><span style=\"text-decoration: underline;\">Prix:<\/span>\u00a0<\/strong>\u00a0 \u00a0 \u00a050cl\u00a0 \u00a0CHF\u00a0 22.-<\/p>\n<p>Jus de raisin La C\u00f4te AOC<\/p>\n<p><strong><u> <img loading=\"lazy\" decoding=\"async\" class=\"alignleft wp-image-260\" src=\"https:\/\/chantailles.ch\/wp-content\/uploads\/2017\/04\/16packsun-web.jpg\" alt=\"\" width=\"201\" height=\"161\" srcset=\"https:\/\/chantailles.ch\/wp-content\/uploads\/2017\/04\/16packsun-web.jpg 421w, https:\/\/chantailles.ch\/wp-content\/uploads\/2017\/04\/16packsun-web-300x239.jpg 300w, https:\/\/chantailles.ch\/wp-content\/uploads\/2017\/04\/16packsun-web-230x184.jpg 230w, https:\/\/chantailles.ch\/wp-content\/uploads\/2017\/04\/16packsun-web-350x279.jpg 350w\" sizes=\"auto, (max-width: 201px) 100vw, 201px\" \/><img loading=\"lazy\" decoding=\"async\" class=\"alignleft wp-image-257\" src=\"https:\/\/chantailles.ch\/wp-content\/uploads\/2017\/04\/Juslitresunweb.jpg\" alt=\"\" width=\"104\" height=\"160\" srcset=\"https:\/\/chantailles.ch\/wp-content\/uploads\/2017\/04\/Juslitresunweb.jpg 291w, https:\/\/chantailles.ch\/wp-content\/uploads\/2017\/04\/Juslitresunweb-195x300.jpg 195w, https:\/\/chantailles.ch\/wp-content\/uploads\/2017\/04\/Juslitresunweb-230x354.jpg 230w\" sizes=\"auto, (max-width: 104px) 100vw, 104px\" \/>C\u00e9page\u00a0:<\/u><\/strong> Jus blanc\u00a0: <strong>chasselas<\/strong> \u2013 Jus rouge\u00a0: <strong>Gamay et Garanoir<\/strong><\/p>\n<p><strong><u>Description\u00a0:<\/u><\/strong> Le fruit et la fra\u00eecheur du jus de raisin qui coule sous le pressoir tout au long de l\u2019ann\u00e9e<\/p>\n<p><strong><u>Recommand\u00e9\u00a0:<\/u><\/strong> En ap\u00e9ritif et en toutes circonstances pour \u00e9tancher sa soif servi pur ou coup\u00e9 avec de l\u2019eau ou des gla\u00e7ons<\/p>\n<p><strong><u>Garde\u00a0:<\/u><\/strong> Pasteuris\u00e9, en pack ou en bouteille, il se garde sans probl\u00e8me une ann\u00e9e ou plus.<\/p>\n<p><strong><span style=\"text-decoration: underline;\">Prix:<\/span>\u00a0 \u00a0 \u00a0<\/strong>BIB 5L\u00a0 \u00a0 CHF\u00a0 24.-\u00a0 \u00a0 \u00a0 1 L\u00a0 \u00a0CHF\u00a0 5.50<\/p>\n<p>Les C\u00e9pages que vous trouverez dans nos vins soit mono-c\u00e9page soit en assemblage<\/p>\n<h3 style=\"text-align: center;\"><strong>Chasselas &#8211; Pinot blanc &#8211;<\/strong> <strong>Viognier &#8211; Gamay &#8211; <\/strong><strong>Pinot noir &#8211; Garanoir &#8211; Gamaret &#8211;\u00a0<\/strong><strong>Gallotta &#8211; Kerner &#8211; <\/strong><strong>Diolinoir &#8211; Syrah &#8211; Merlot &#8211; Cabernet franc &#8211; <\/strong><strong>Carminoir<\/strong><\/h3>\n","protected":false},"excerpt":{"rendered":"<p>Au b\u00e9n\u00e9fice de l&rsquo;appellation DOMAINE encore plus restrictive que celle d&rsquo;appellation d&rsquo;origine contr\u00f4l\u00e9e, nos vins sont le fruit du mariage des terroirs et des c\u00e9pages de nos vignes. En toutes [&hellip;]<\/p>\n","protected":false},"author":1,"featured_media":0,"parent":0,"menu_order":0,"comment_status":"closed","ping_status":"closed","template":"","meta":{"footnotes":""},"class_list":["post-29","page","type-page","status-publish","hentry"],"yoast_head":"<!-- This site is optimized with the Yoast SEO plugin v27.5 - https:\/\/yoast.com\/product\/yoast-seo-wordpress\/ -->\n<title>Vins - Domaine des Chantailles<\/title>\n<meta name=\"robots\" content=\"index, follow, max-snippet:-1, max-image-preview:large, max-video-preview:-1\" \/>\n<link rel=\"canonical\" href=\"https:\/\/chantailles.ch\/?page_id=29\" \/>\n<meta property=\"og:locale\" content=\"fr_FR\" \/>\n<meta property=\"og:type\" content=\"article\" \/>\n<meta property=\"og:title\" content=\"Vins - Domaine des Chantailles\" \/>\n<meta property=\"og:description\" content=\"Au b\u00e9n\u00e9fice de l&rsquo;appellation DOMAINE encore plus restrictive que celle d&rsquo;appellation d&rsquo;origine contr\u00f4l\u00e9e, nos vins sont le fruit du mariage des terroirs et des c\u00e9pages de nos vignes. En toutes [&hellip;]\" \/>\n<meta property=\"og:url\" content=\"https:\/\/chantailles.ch\/?page_id=29\" \/>\n<meta property=\"og:site_name\" content=\"Domaine des Chantailles\" \/>\n<meta property=\"article:modified_time\" content=\"2024-03-29T16:44:02+00:00\" \/>\n<meta property=\"og:image\" content=\"https:\/\/chantailles.ch\/wp-content\/uploads\/2017\/04\/15ch-et-CM-sun-web.jpg\" \/>\n<meta name=\"twitter:card\" content=\"summary_large_image\" \/>\n<meta name=\"twitter:label1\" content=\"Dur\u00e9e de lecture estim\u00e9e\" \/>\n\t<meta name=\"twitter:data1\" content=\"9 minutes\" \/>\n<script type=\"application\/ld+json\" class=\"yoast-schema-graph\">{\"@context\":\"https:\\\/\\\/schema.org\",\"@graph\":[{\"@type\":\"WebPage\",\"@id\":\"https:\\\/\\\/chantailles.ch\\\/?page_id=29\",\"url\":\"https:\\\/\\\/chantailles.ch\\\/?page_id=29\",\"name\":\"Vins - Domaine des Chantailles\",\"isPartOf\":{\"@id\":\"https:\\\/\\\/chantailles.ch\\\/#website\"},\"primaryImageOfPage\":{\"@id\":\"https:\\\/\\\/chantailles.ch\\\/?page_id=29#primaryimage\"},\"image\":{\"@id\":\"https:\\\/\\\/chantailles.ch\\\/?page_id=29#primaryimage\"},\"thumbnailUrl\":\"https:\\\/\\\/chantailles.ch\\\/wp-content\\\/uploads\\\/2017\\\/04\\\/15ch-et-CM-sun-web.jpg\",\"datePublished\":\"2017-05-01T21:00:10+00:00\",\"dateModified\":\"2024-03-29T16:44:02+00:00\",\"breadcrumb\":{\"@id\":\"https:\\\/\\\/chantailles.ch\\\/?page_id=29#breadcrumb\"},\"inLanguage\":\"fr-FR\",\"potentialAction\":[{\"@type\":\"ReadAction\",\"target\":[\"https:\\\/\\\/chantailles.ch\\\/?page_id=29\"]}]},{\"@type\":\"ImageObject\",\"inLanguage\":\"fr-FR\",\"@id\":\"https:\\\/\\\/chantailles.ch\\\/?page_id=29#primaryimage\",\"url\":\"https:\\\/\\\/chantailles.ch\\\/wp-content\\\/uploads\\\/2017\\\/04\\\/15ch-et-CM-sun-web.jpg\",\"contentUrl\":\"https:\\\/\\\/chantailles.ch\\\/wp-content\\\/uploads\\\/2017\\\/04\\\/15ch-et-CM-sun-web.jpg\",\"width\":308,\"height\":448},{\"@type\":\"BreadcrumbList\",\"@id\":\"https:\\\/\\\/chantailles.ch\\\/?page_id=29#breadcrumb\",\"itemListElement\":[{\"@type\":\"ListItem\",\"position\":1,\"name\":\"Accueil\",\"item\":\"https:\\\/\\\/chantailles.ch\\\/\"},{\"@type\":\"ListItem\",\"position\":2,\"name\":\"Vins\"}]},{\"@type\":\"WebSite\",\"@id\":\"https:\\\/\\\/chantailles.ch\\\/#website\",\"url\":\"https:\\\/\\\/chantailles.ch\\\/\",\"name\":\"Domaine des Chantailles\",\"description\":\"Tartegnin Pays du bon vin\",\"potentialAction\":[{\"@type\":\"SearchAction\",\"target\":{\"@type\":\"EntryPoint\",\"urlTemplate\":\"https:\\\/\\\/chantailles.ch\\\/?s={search_term_string}\"},\"query-input\":{\"@type\":\"PropertyValueSpecification\",\"valueRequired\":true,\"valueName\":\"search_term_string\"}}],\"inLanguage\":\"fr-FR\"}]}<\/script>\n<!-- \/ Yoast SEO plugin. -->","yoast_head_json":{"title":"Vins - Domaine des Chantailles","robots":{"index":"index","follow":"follow","max-snippet":"max-snippet:-1","max-image-preview":"max-image-preview:large","max-video-preview":"max-video-preview:-1"},"canonical":"https:\/\/chantailles.ch\/?page_id=29","og_locale":"fr_FR","og_type":"article","og_title":"Vins - Domaine des Chantailles","og_description":"Au b\u00e9n\u00e9fice de l&rsquo;appellation DOMAINE encore plus restrictive que celle d&rsquo;appellation d&rsquo;origine contr\u00f4l\u00e9e, nos vins sont le fruit du mariage des terroirs et des c\u00e9pages de nos vignes. En toutes [&hellip;]","og_url":"https:\/\/chantailles.ch\/?page_id=29","og_site_name":"Domaine des Chantailles","article_modified_time":"2024-03-29T16:44:02+00:00","og_image":[{"url":"https:\/\/chantailles.ch\/wp-content\/uploads\/2017\/04\/15ch-et-CM-sun-web.jpg","type":"","width":"","height":""}],"twitter_card":"summary_large_image","twitter_misc":{"Dur\u00e9e de lecture estim\u00e9e":"9 minutes"},"schema":{"@context":"https:\/\/schema.org","@graph":[{"@type":"WebPage","@id":"https:\/\/chantailles.ch\/?page_id=29","url":"https:\/\/chantailles.ch\/?page_id=29","name":"Vins - Domaine des Chantailles","isPartOf":{"@id":"https:\/\/chantailles.ch\/#website"},"primaryImageOfPage":{"@id":"https:\/\/chantailles.ch\/?page_id=29#primaryimage"},"image":{"@id":"https:\/\/chantailles.ch\/?page_id=29#primaryimage"},"thumbnailUrl":"https:\/\/chantailles.ch\/wp-content\/uploads\/2017\/04\/15ch-et-CM-sun-web.jpg","datePublished":"2017-05-01T21:00:10+00:00","dateModified":"2024-03-29T16:44:02+00:00","breadcrumb":{"@id":"https:\/\/chantailles.ch\/?page_id=29#breadcrumb"},"inLanguage":"fr-FR","potentialAction":[{"@type":"ReadAction","target":["https:\/\/chantailles.ch\/?page_id=29"]}]},{"@type":"ImageObject","inLanguage":"fr-FR","@id":"https:\/\/chantailles.ch\/?page_id=29#primaryimage","url":"https:\/\/chantailles.ch\/wp-content\/uploads\/2017\/04\/15ch-et-CM-sun-web.jpg","contentUrl":"https:\/\/chantailles.ch\/wp-content\/uploads\/2017\/04\/15ch-et-CM-sun-web.jpg","width":308,"height":448},{"@type":"BreadcrumbList","@id":"https:\/\/chantailles.ch\/?page_id=29#breadcrumb","itemListElement":[{"@type":"ListItem","position":1,"name":"Accueil","item":"https:\/\/chantailles.ch\/"},{"@type":"ListItem","position":2,"name":"Vins"}]},{"@type":"WebSite","@id":"https:\/\/chantailles.ch\/#website","url":"https:\/\/chantailles.ch\/","name":"Domaine des Chantailles","description":"Tartegnin Pays du bon vin","potentialAction":[{"@type":"SearchAction","target":{"@type":"EntryPoint","urlTemplate":"https:\/\/chantailles.ch\/?s={search_term_string}"},"query-input":{"@type":"PropertyValueSpecification","valueRequired":true,"valueName":"search_term_string"}}],"inLanguage":"fr-FR"}]}},"_links":{"self":[{"href":"https:\/\/chantailles.ch\/index.php?rest_route=\/wp\/v2\/pages\/29","targetHints":{"allow":["GET"]}}],"collection":[{"href":"https:\/\/chantailles.ch\/index.php?rest_route=\/wp\/v2\/pages"}],"about":[{"href":"https:\/\/chantailles.ch\/index.php?rest_route=\/wp\/v2\/types\/page"}],"author":[{"embeddable":true,"href":"https:\/\/chantailles.ch\/index.php?rest_route=\/wp\/v2\/users\/1"}],"replies":[{"embeddable":true,"href":"https:\/\/chantailles.ch\/index.php?rest_route=%2Fwp%2Fv2%2Fcomments&post=29"}],"version-history":[{"count":27,"href":"https:\/\/chantailles.ch\/index.php?rest_route=\/wp\/v2\/pages\/29\/revisions"}],"predecessor-version":[{"id":2077,"href":"https:\/\/chantailles.ch\/index.php?rest_route=\/wp\/v2\/pages\/29\/revisions\/2077"}],"wp:attachment":[{"href":"https:\/\/chantailles.ch\/index.php?rest_route=%2Fwp%2Fv2%2Fmedia&parent=29"}],"curies":[{"name":"wp","href":"https:\/\/api.w.org\/{rel}","templated":true}]}}