{"id":610,"date":"2018-01-24T15:31:03","date_gmt":"2018-01-24T14:31:03","guid":{"rendered":"https:\/\/chantailles.ch\/?page_id=610"},"modified":"2024-03-29T17:42:52","modified_gmt":"2024-03-29T16:42:52","slug":"weine","status":"publish","type":"page","link":"https:\/\/chantailles.ch\/?page_id=610&lang=de","title":{"rendered":"Weine"},"content":{"rendered":"<p>Unsere Weine profitieren von der Appellation DOMAINE, die noch restriktiver ist als die der kontrollierten Ursprungsbezeichnung, und sind das Ergebnis der Verm\u00e4hlung der Terroirs und der Rebsorten unserer Reben.<br \/>\nZu allen Anl\u00e4ssen, zum Ap\u00e9ro oder zum Essen, von der Vorspeise bis zum Dessert, finden Sie in unserem Sortiment sicher den passenden Wein.<\/p>\n<p>Chasselas Tartegnin und Mont-sur-Rolle Grand Cru La C\u00f4te AOC<\/p>\n<p><strong><u> <img loading=\"lazy\" decoding=\"async\" class=\"alignleft wp-image-221\" src=\"https:\/\/chantailles.ch\/wp-content\/uploads\/2017\/04\/15ch-et-CM-sun-web.jpg\" alt=\"\" width=\"110\" height=\"160\" srcset=\"https:\/\/chantailles.ch\/wp-content\/uploads\/2017\/04\/15ch-et-CM-sun-web.jpg 308w, https:\/\/chantailles.ch\/wp-content\/uploads\/2017\/04\/15ch-et-CM-sun-web-206x300.jpg 206w, https:\/\/chantailles.ch\/wp-content\/uploads\/2017\/04\/15ch-et-CM-sun-web-230x335.jpg 230w\" sizes=\"auto, (max-width: 110px) 100vw, 110px\" \/><\/u><u>Rebsorte :<\/u>\u00a0Chasselas<\/strong><\/p>\n<p><strong><u>Beschreibung :<\/u><\/strong> Ein fruchtiger Wein, blumig. Noten von Zitrusfr\u00fcchte und Lindenbl\u00fcten, leicht, spritzig, s\u00fcffig und schmiegsam im Gaumen.<\/p>\n<p><strong><u>Empfholen :<\/u><\/strong> Das ist das perfekte Wein zum Aperitif! Aber er begleitet auch vorz\u00fcglich Seefische und K\u00e4se.<\/p>\n<p><strong><u>Haltbarkeit :<\/u><\/strong>\u00a02 bis 3 Jahre. Man kann ihn aber auch l\u00e4nger als 6 Jahren lagern, wobei er andere interessanten Aromen entwickelt.<\/p>\n<p><span style=\"text-decoration: underline;\"><strong>Preise:<\/strong><\/span>\u00a0 \u00a075cl\u00a0 CHF\u00a0 11.50\u00a0 \u00a0 \u00a050cl\u00a0 CHF\u00a0 8.-<\/p>\n<p>Impromptu Tartegnin Grand Cru La C\u00f4te AOC &#8211; Verschnitt<\/p>\n<p><strong><u><img loading=\"lazy\" decoding=\"async\" class=\"alignleft wp-image-267\" src=\"https:\/\/chantailles.ch\/wp-content\/uploads\/2017\/05\/15im-sun-clair-web.jpg\" alt=\"\" width=\"63\" height=\"160\" srcset=\"https:\/\/chantailles.ch\/wp-content\/uploads\/2017\/05\/15im-sun-clair-web.jpg 176w, https:\/\/chantailles.ch\/wp-content\/uploads\/2017\/05\/15im-sun-clair-web-118x300.jpg 118w\" sizes=\"auto, (max-width: 63px) 100vw, 63px\" \/>Rebsorten :<\/u>\u00a0Chasselas und Pinot blanc<\/strong><\/p>\n<p><strong><u>Beschreibung :<\/u><\/strong> Finesse der Aromen von weissen Blumen und Mineralien. Den Gaumen begeistert dieser Wein mit seiner grossen Frische und einer guten Mischung von Lebhaftigkeit und langem Abgang. Die Salinennoten verdankt er dem Pinot Blanc.<\/p>\n<p><strong><u>Empfholen :<\/u><\/strong> Ausgezeichnet zum Aperitif, Vorspeisen und ganz besonders mit S\u00fcsswasser Fische.<\/p>\n<p><strong><u>Haltbarkeit :<\/u><\/strong> 2 bis 3 Jahre. Man kann ihn aber auch l\u00e4nger als 6 Jahren lagern, wobei er andere interessanten Aromen entwickelt.<\/p>\n<p><span style=\"text-decoration: underline;\"><strong>Preise:<\/strong><\/span>\u00a0 \u00a075cl\u00a0 CHF\u00a0 14.-\u00a0 \u00a0 \u00a050cl\u00a0 CHF\u00a0 10.-<\/p>\n<p>Sarabande Tartegnin Grand Cru La C\u00f4te AOC<\/p>\n<p><strong><u><img loading=\"lazy\" decoding=\"async\" class=\"alignleft wp-image-251\" src=\"https:\/\/chantailles.ch\/wp-content\/uploads\/2017\/04\/15taweb.jpg\" alt=\"\" width=\"60\" height=\"160\" srcset=\"https:\/\/chantailles.ch\/wp-content\/uploads\/2017\/04\/15taweb.jpg 168w, https:\/\/chantailles.ch\/wp-content\/uploads\/2017\/04\/15taweb-113x300.jpg 113w\" sizes=\"auto, (max-width: 60px) 100vw, 60px\" \/>Rebsorten :<\/u><\/strong> <strong>Kerner<\/strong><\/p>\n<p><strong><u>Beschreibung :<\/u><\/strong> Mango-, Exoten- und Gew\u00fcrz-Aromen. Frische Zitrusnoten harmonieren im Mund mit einem cremigen Abgang.<\/p>\n<p><strong><u>Empfholen :<\/u><\/strong> Zum Ap\u00e9ro, mit Sushi oder w\u00fcrzigen orientalischen Gerichten, mit blauem K\u00e4se.<\/p>\n<p><strong><u>Haltbarkeit :<\/u><\/strong> 2 bis 4 Jahre.<\/p>\n<p><strong><span style=\"text-decoration: underline;\">Preise:<\/span>\u00a0<\/strong>\u00a0 \u00a0 \u00a050cl\u00a0 \u00a0CHF\u00a0 16.50<\/p>\n<p>Sonate Tartegnin Grand Cru La C\u00f4te AOC<\/p>\n<p><strong><u><img loading=\"lazy\" decoding=\"async\" class=\"alignleft wp-image-250\" src=\"https:\/\/chantailles.ch\/wp-content\/uploads\/2017\/04\/15sosun-web.jpg\" alt=\"\" width=\"63\" height=\"160\" \/>Rebsorte :<\/u> Pinot Blanc<\/strong><\/p>\n<p><strong><u>Beschreibung :<\/u><\/strong> Finessenreiches Bouquet mit leichtem Zitronengeschmack. Den Gaumen begeistert dieser Wein mit Intensit\u00e4t und Salinennote.<\/p>\n<p><strong><u>Empfholen :<\/u><\/strong> Empfohlen zu Aperitif oder mit S\u00fcsswasserfische, Terrinen oder Rohkost.<\/p>\n<p><strong><u>Haltbarkeit :<\/u><\/strong> 1 bis 6 Jahre.<\/p>\n<p><span style=\"text-decoration: underline;\"><strong>Preise:<\/strong><\/span>\u00a0 \u00a075cl\u00a0 CHF\u00a0 15.- \u00a0 \u00a050cl\u00a0 CHF 11.-<\/p>\n<p>M\u00e9lodie Tartegnin Grand Cru La C\u00f4te AOC<\/p>\n<p><strong><u><img loading=\"lazy\" decoding=\"async\" class=\"alignleft wp-image-265\" src=\"https:\/\/chantailles.ch\/wp-content\/uploads\/2017\/05\/15mesun-clair-web.jpg\" alt=\"\" width=\"63\" height=\"160\" \/>Rebsorte :<\/u><\/strong> <strong>Viognier<\/strong><\/p>\n<p><strong><u>Beschreibung :<\/u><\/strong> Im Bouquet und im Mund typische Pfirsich und Aprikosenaromen vermischt mit eine Hauch Eichenfass Geschmack.<\/p>\n<p><strong><u>Empfholen :<\/u><\/strong> Meerfischen und Krustentiere. Eignet sich aber auch zu Desserts mit Fr\u00fcchten oder Schokolade.<\/p>\n<p><strong><u>Haltbarkeit :<\/u><\/strong> 2 bis 4 Jahre.<\/p>\n<p><span style=\"text-decoration: underline;\"><strong>Preise:<\/strong><\/span>\u00a0 \u00a075cl\u00a0 CHF\u00a0 18.50\u00a0 \u00a0 \u00a050cl\u00a0 CHF\u00a0 14.-<\/p>\n<p>Ros\u00e9 Tartegnin Grand Cru La C\u00f4te AOC<\/p>\n<p><strong><u><img loading=\"lazy\" decoding=\"async\" class=\"alignleft wp-image-266\" src=\"https:\/\/chantailles.ch\/wp-content\/uploads\/2017\/05\/16rosun-clair-web.jpg\" alt=\"\" width=\"61\" height=\"160\" srcset=\"https:\/\/chantailles.ch\/wp-content\/uploads\/2017\/05\/16rosun-clair-web.jpg 170w, https:\/\/chantailles.ch\/wp-content\/uploads\/2017\/05\/16rosun-clair-web-114x300.jpg 114w\" sizes=\"auto, (max-width: 61px) 100vw, 61px\" \/>Rebsorte :<\/u><\/strong> <strong>Gamay<\/strong><\/p>\n<p><strong><u>Beschreibung :<\/u><\/strong> Bouquet frischer roter Fr\u00fcchte. Mundet fruchtig, s\u00fcffig und harmonisch.<\/p>\n<p><strong><u>Empfholen :<\/u><\/strong> Eignet sich gut zum Aperitif. Er ist ein willkommener Begleiter zu den Mahlzeiten im Sommer, der asiatischen K\u00fcche oder mit Meeresfr\u00fcchten.<\/p>\n<p><strong><u>Haltbarkeit :<\/u><\/strong>\u00a01 bis 2 Jahre.<\/p>\n<p><span style=\"text-decoration: underline;\"><strong>Preise:<\/strong><\/span>\u00a0 \u00a075cl\u00a0 CHF\u00a0 11.50\u00a0 \u00a0 \u00a050cl\u00a0 CHF\u00a0 8.-<\/p>\n<p>Gamay Tartegnin Grand Cru La C\u00f4te AOC<\/p>\n<p><strong><u><img loading=\"lazy\" decoding=\"async\" class=\"alignleft wp-image-230\" src=\"https:\/\/chantailles.ch\/wp-content\/uploads\/2017\/04\/14gasun-web.jpg\" alt=\"\" width=\"65\" height=\"160\" srcset=\"https:\/\/chantailles.ch\/wp-content\/uploads\/2017\/04\/14gasun-web.jpg 183w, https:\/\/chantailles.ch\/wp-content\/uploads\/2017\/04\/14gasun-web-123x300.jpg 123w\" sizes=\"auto, (max-width: 65px) 100vw, 65px\" \/>Rebsorte :<\/u><\/strong> <strong>Gamay<\/strong><\/p>\n<p><strong><u>Beschreibung :<\/u><\/strong> Rubinrot. Bouquet gepr\u00e4gt vom Geschmack roter Beeren und leicht w\u00fcrzig. Im Gaumen, lang Abgang und zarte eingebundene Tanninen.<\/p>\n<p><strong><u>Empfholen :<\/u><\/strong> Mit Gefl\u00fcgel oder weissem Fleisch. Ebenfalls ein guter Begleiter Sommermahlzeiten.<\/p>\n<p><strong><u>Haltbarkeit :<\/u><\/strong> 2 bis 5 Jahre.<\/p>\n<p><span style=\"text-decoration: underline;\"><strong>Preise:<\/strong><\/span>\u00a0 \u00a075cl\u00a0 CHF\u00a0 11.50\u00a0 \u00a0 \u00a050cl\u00a0 CHF\u00a0 8.-<\/p>\n<p>Pinot Noir La C\u00f4te AOC<\/p>\n<p><strong><u><img loading=\"lazy\" decoding=\"async\" class=\"alignleft wp-image-247\" src=\"https:\/\/chantailles.ch\/wp-content\/uploads\/2017\/04\/15pnsun-web.jpg\" alt=\"\" width=\"63\" height=\"160\" srcset=\"https:\/\/chantailles.ch\/wp-content\/uploads\/2017\/04\/15pnsun-web.jpg 176w, https:\/\/chantailles.ch\/wp-content\/uploads\/2017\/04\/15pnsun-web-118x300.jpg 118w\" sizes=\"auto, (max-width: 63px) 100vw, 63px\" \/>Rebsorte :<\/u><\/strong> <strong>Pinot<\/strong> <strong>Noir<\/strong><\/p>\n<p><strong><u>Beschreibung :<\/u><\/strong> In der Nase feiner Himbeer &#8211; und Rotfr\u00fcchteduft. Im Gaumen fruchtig, schmeidig mit eingebundenen Tanninen.<\/p>\n<p><strong><u>Empfholen :<\/u><\/strong> Empfohlen zu Grilladen mit rotem und weissem Fleisch, aber auch zu einer grossen Auswahl andere Gerichte.<\/p>\n<p><strong><u>Haltbarkeit :<\/u><\/strong> 5 bis 10 Jahre.<\/p>\n<p><span style=\"text-decoration: underline;\"><strong>Preise:<\/strong><\/span>\u00a0 \u00a075cl\u00a0 CHF\u00a0 14.-\u00a0 \u00a0 \u00a050cl\u00a0 CHF\u00a0 10.-<\/p>\n<p>Oratorio La C\u00f4te AOC \u2013 Verschnitt<\/p>\n<p><strong><u><img loading=\"lazy\" decoding=\"async\" class=\"alignleft wp-image-235\" src=\"https:\/\/chantailles.ch\/wp-content\/uploads\/2017\/04\/14orsun-web.jpg\" alt=\"\" width=\"61\" height=\"160\" srcset=\"https:\/\/chantailles.ch\/wp-content\/uploads\/2017\/04\/14orsun-web.jpg 170w, https:\/\/chantailles.ch\/wp-content\/uploads\/2017\/04\/14orsun-web-114x300.jpg 114w\" sizes=\"auto, (max-width: 61px) 100vw, 61px\" \/>Rebsorten :<\/u><\/strong> <strong>Gamaret<\/strong> <strong>und Garanoir<\/strong><\/p>\n<p><strong><u>Beschreibung :<\/u><\/strong> Dunkles violettes Kleid. In der Nase feiner Duft von Kirschenaromen. Im Gaumen wenig S\u00e4ure, fruchtig und komplex, guter Struktur und zarten Tanninen.<\/p>\n<p><strong><u>Empfholen :<\/u><\/strong> Mit rotem Fleisch, ob grilliert oder mit einer Sauce. K\u00e4seplatte.<\/p>\n<p><strong><u>Haltbarkeit :<\/u><\/strong> 5 bis 10 Jahre.<\/p>\n<p><span style=\"text-decoration: underline;\"><strong>Preise:<\/strong><\/span>\u00a0 \u00a075cl\u00a0 CHF\u00a0 16.50\u00a0 \u00a0 \u00a050cl\u00a0 CHF\u00a0 12.50<\/p>\n<p>Concerto La C\u00f4te AOC<\/p>\n<p><strong><u><img loading=\"lazy\" decoding=\"async\" class=\"alignleft wp-image-227\" src=\"https:\/\/chantailles.ch\/wp-content\/uploads\/2017\/04\/13cosun-web-133x300.jpg\" alt=\"\" width=\"71\" height=\"160\" srcset=\"https:\/\/chantailles.ch\/wp-content\/uploads\/2017\/04\/13cosun-web-133x300.jpg 133w, https:\/\/chantailles.ch\/wp-content\/uploads\/2017\/04\/13cosun-web.jpg 199w\" sizes=\"auto, (max-width: 71px) 100vw, 71px\" \/>Rebsorte :<\/u><\/strong> <strong>Gamaret<\/strong><\/p>\n<p><strong><u>Beschreibung :<\/u><\/strong> Tiefdunkles Kleid. Komplexes Bouquet, leichter Duft nach gegrilltem Brot, schwarzen Kirschen oder Johannisbeeren.<\/p>\n<p><strong><u>Empfholen :<\/u><\/strong> Mit typischen Gerichten wie Wild, wurzigem Fleisch. Passt auch zu Schkoladen Desserts.<\/p>\n<p><strong><u>Haltbarkeit :<\/u><\/strong> 8 bis 10 Jahre oder mehr.<\/p>\n<p><span style=\"text-decoration: underline;\"><strong>Preise:<\/strong><\/span>\u00a0 \u00a075cl\u00a0 CHF\u00a0 19.50\u00a0 \u00a0 \u00a050cl\u00a0 CHF\u00a0 14.-<\/p>\n<p>Symphonie Tartegnin Grand Cru La C\u00f4te AOC \u2013 Verschnitt<\/p>\n<p><strong><u><img loading=\"lazy\" decoding=\"async\" class=\"alignleft wp-image-238\" src=\"https:\/\/chantailles.ch\/wp-content\/uploads\/2017\/04\/14sysun-web.jpg\" alt=\"\" width=\"60\" height=\"163\" srcset=\"https:\/\/chantailles.ch\/wp-content\/uploads\/2017\/04\/14sysun-web.jpg 165w, https:\/\/chantailles.ch\/wp-content\/uploads\/2017\/04\/14sysun-web-110x300.jpg 110w\" sizes=\"auto, (max-width: 60px) 100vw, 60px\" \/>Rebsorten :<\/u><\/strong> <strong>Syrah, Merlot, Cabernet Franc, Diolinoir und Carminoir<\/strong><\/p>\n<p><strong><u>Beschreibung :<\/u><\/strong> Dunkelrotes Kleid. Sehr fruchtiges komplexes Bouquet. Ein Wein mit kr\u00e4ftiger und zarten Tanninen.<\/p>\n<p><strong><u>Empfholen :<\/u><\/strong> Empfohlen zu kr\u00e4ftigen und gew\u00fcrzten Gerichten mit rotem Fleisch, Jagd oder zu K\u00e4se mit grossem Charakter.<\/p>\n<p><strong><u>Haltbarkeit :<\/u><\/strong> 8 bis 10 Jahre oder mehr.<\/p>\n<p><span style=\"text-decoration: underline;\"><strong>Preise:<\/strong><\/span>\u00a0 \u00a075cl\u00a0 CHF\u00a0 24.-\u00a0 \u00a0 \u00a050cl\u00a0 CHF\u00a0 17.50<\/p>\n<p>Nocturne Mont-sur-Rolle Grand Cru La C\u00f4te AOC<\/p>\n<p><strong><u><img loading=\"lazy\" decoding=\"async\" class=\"alignleft wp-image-261\" src=\"https:\/\/chantailles.ch\/wp-content\/uploads\/2017\/04\/14nosun-web.jpg\" alt=\"\" width=\"61\" height=\"160\" srcset=\"https:\/\/chantailles.ch\/wp-content\/uploads\/2017\/04\/14nosun-web.jpg 171w, https:\/\/chantailles.ch\/wp-content\/uploads\/2017\/04\/14nosun-web-115x300.jpg 115w\" sizes=\"auto, (max-width: 61px) 100vw, 61px\" \/>Rebsorte :<\/u><\/strong>\u00a0<strong>Galotta<\/strong><\/p>\n<p><strong><u>Beschreibung :<\/u> <\/strong>Dunkles violettes Kleid, Komplexer Bouquet von Maulbeeren, schwarzer Johannisbeere, Kakaosaubohne.<\/p>\n<p><strong><u>Empfholen :<\/u>\u00a0<\/strong>Mit K\u00e4se, rotem Fleich und italienischen Speisen.<\/p>\n<p><strong><u>Haltbarkeit :<\/u><\/strong> 8 bis 10 Jahre oder mehr.<\/p>\n<p><span style=\"text-decoration: underline;\"><strong>Preise:<\/strong><\/span>\u00a0 \u00a075cl\u00a0 CHF\u00a0 24.-<\/p>\n<p>Romance Tartegnin Grand Cru La C\u00f4te AOC \u2013\u00a0S\u00fc\u00dfwein<\/p>\n<p><strong><u><img loading=\"lazy\" decoding=\"async\" class=\"alignleft wp-image-251\" src=\"https:\/\/chantailles.ch\/wp-content\/uploads\/2017\/04\/15taweb.jpg\" alt=\"\" width=\"60\" height=\"160\" srcset=\"https:\/\/chantailles.ch\/wp-content\/uploads\/2017\/04\/15taweb.jpg 168w, https:\/\/chantailles.ch\/wp-content\/uploads\/2017\/04\/15taweb-113x300.jpg 113w\" sizes=\"auto, (max-width: 60px) 100vw, 60px\" \/>Rebsorten :<\/u><\/strong> <strong>Chasselas und Kerner<\/strong><\/p>\n<p><strong><u>Beschreibung :<\/u><\/strong> Komplexes und charakteristisches Bouquet eines Weins der Sp\u00e4tlese von Chasselas und Kerner.<\/p>\n<p><strong><u>Empfholen :<\/u><\/strong> Foie gras, Terrinen, Gew\u00fcrzte Speisen, Blaue K\u00e4se oder um Desserts zu begleiten.<\/p>\n<p><strong><u>Haltbarkeit :<\/u><\/strong> 8 bis 10 Jahre oder mehr.<\/p>\n<p><span style=\"text-decoration: underline;\"><strong>Preise:<\/strong><\/span>\u00a0 \u00a0 \u00a0 \u00a050cl\u00a0 CHF\u00a0 22.-<\/p>\n<p>Traubensaft La C\u00f4te AOC<\/p>\n<p><strong><u> <img loading=\"lazy\" decoding=\"async\" class=\"alignleft wp-image-260\" src=\"https:\/\/chantailles.ch\/wp-content\/uploads\/2017\/04\/16packsun-web.jpg\" alt=\"\" width=\"201\" height=\"161\" srcset=\"https:\/\/chantailles.ch\/wp-content\/uploads\/2017\/04\/16packsun-web.jpg 421w, https:\/\/chantailles.ch\/wp-content\/uploads\/2017\/04\/16packsun-web-300x239.jpg 300w, https:\/\/chantailles.ch\/wp-content\/uploads\/2017\/04\/16packsun-web-230x184.jpg 230w, https:\/\/chantailles.ch\/wp-content\/uploads\/2017\/04\/16packsun-web-350x279.jpg 350w\" sizes=\"auto, (max-width: 201px) 100vw, 201px\" \/><img loading=\"lazy\" decoding=\"async\" class=\"alignleft wp-image-257\" src=\"https:\/\/chantailles.ch\/wp-content\/uploads\/2017\/04\/Juslitresunweb.jpg\" alt=\"\" width=\"104\" height=\"160\" srcset=\"https:\/\/chantailles.ch\/wp-content\/uploads\/2017\/04\/Juslitresunweb.jpg 291w, https:\/\/chantailles.ch\/wp-content\/uploads\/2017\/04\/Juslitresunweb-195x300.jpg 195w, https:\/\/chantailles.ch\/wp-content\/uploads\/2017\/04\/Juslitresunweb-230x354.jpg 230w\" sizes=\"auto, (max-width: 104px) 100vw, 104px\" \/>Rebsorten :<\/u><\/strong> Weiss : <strong>chasselas<\/strong> \u2013 Rot : <strong>Gamay und Garanoir<\/strong><\/p>\n<p><strong><u>Beschreibung :<\/u><\/strong> Traubensaft von Chasselas oder Gamay und Garanoir aus unserer eigener Produktion. Pasteurisierung ohne Filtrieren.<\/p>\n<p><strong><u>Empfholen :<\/u><\/strong> En ap\u00e9ritif et en toutes circonstances pour \u00e9tancher sa soif servi pur ou coup\u00e9 avec de l\u2019eau ou des gla\u00e7ons<\/p>\n<p><strong><u>Haltbarkeit :<\/u><\/strong> Pasteurisiert, in Pack oder in Flasche, er h\u00e4lt sich ohne Problem ein Jahr oder mehr.<\/p>\n<p><span style=\"text-decoration: underline;\"><strong>Preise:<\/strong><\/span>\u00a0 \u00a0BIB 5L\u00a0 CHF\u00a0 24.-\u00a0 \u00a0 \u00a01L\u00a0 CHF\u00a0 5.50<\/p>\n<p>Die Rebsorten, dass sie in unsere Weine finden werden.<\/p>\n<h3><strong>Chasselas &#8211; Pinot blanc &#8211;<\/strong> <strong>Viognier &#8211; Gamay &#8211; <\/strong><strong>Pinot noir &#8211; Garanoir &#8211; Gamaret &#8211;\u00a0<\/strong><strong>Gallotta &#8211; <\/strong><strong>Diolinoir &#8211; Syrah &#8211; Merlot &#8211; Cabernet franc &#8211; <\/strong><strong>Carminoir<\/strong><\/h3>\n","protected":false},"excerpt":{"rendered":"<p>Unsere Weine profitieren von der Appellation DOMAINE, die noch restriktiver ist als die der kontrollierten Ursprungsbezeichnung, und sind das Ergebnis der Verm\u00e4hlung der Terroirs und der Rebsorten unserer Reben. Zu [&hellip;]<\/p>\n","protected":false},"author":1,"featured_media":0,"parent":0,"menu_order":0,"comment_status":"closed","ping_status":"closed","template":"","meta":{"footnotes":""},"class_list":["post-610","page","type-page","status-publish","hentry"],"yoast_head":"<!-- This site is optimized with the Yoast SEO plugin v27.4 - https:\/\/yoast.com\/product\/yoast-seo-wordpress\/ -->\n<title>Weine - Domaine des Chantailles<\/title>\n<meta name=\"robots\" content=\"index, follow, max-snippet:-1, max-image-preview:large, max-video-preview:-1\" \/>\n<link rel=\"canonical\" href=\"https:\/\/chantailles.ch\/?page_id=610&lang=de\" \/>\n<meta property=\"og:locale\" content=\"fr_FR\" \/>\n<meta property=\"og:type\" content=\"article\" \/>\n<meta property=\"og:title\" content=\"Weine - Domaine des Chantailles\" \/>\n<meta property=\"og:description\" content=\"Unsere Weine profitieren von der Appellation DOMAINE, die noch restriktiver ist als die der kontrollierten Ursprungsbezeichnung, und sind das Ergebnis der Verm\u00e4hlung der Terroirs und der Rebsorten unserer Reben. Zu [&hellip;]\" \/>\n<meta property=\"og:url\" content=\"https:\/\/chantailles.ch\/?page_id=610&amp;lang=de\" \/>\n<meta property=\"og:site_name\" content=\"Domaine des Chantailles\" \/>\n<meta property=\"article:modified_time\" content=\"2024-03-29T16:42:52+00:00\" \/>\n<meta property=\"og:image\" content=\"https:\/\/chantailles.ch\/wp-content\/uploads\/2017\/04\/15ch-et-CM-sun-web.jpg\" \/>\n<meta name=\"twitter:card\" content=\"summary_large_image\" \/>\n<meta name=\"twitter:label1\" content=\"Dur\u00e9e de lecture estim\u00e9e\" \/>\n\t<meta name=\"twitter:data1\" content=\"8 minutes\" \/>\n<script type=\"application\/ld+json\" class=\"yoast-schema-graph\">{\"@context\":\"https:\\\/\\\/schema.org\",\"@graph\":[{\"@type\":\"WebPage\",\"@id\":\"https:\\\/\\\/chantailles.ch\\\/?page_id=610&lang=de\",\"url\":\"https:\\\/\\\/chantailles.ch\\\/?page_id=610&lang=de\",\"name\":\"Weine - Domaine des Chantailles\",\"isPartOf\":{\"@id\":\"https:\\\/\\\/chantailles.ch\\\/#website\"},\"primaryImageOfPage\":{\"@id\":\"https:\\\/\\\/chantailles.ch\\\/?page_id=610&lang=de#primaryimage\"},\"image\":{\"@id\":\"https:\\\/\\\/chantailles.ch\\\/?page_id=610&lang=de#primaryimage\"},\"thumbnailUrl\":\"https:\\\/\\\/chantailles.ch\\\/wp-content\\\/uploads\\\/2017\\\/04\\\/15ch-et-CM-sun-web.jpg\",\"datePublished\":\"2018-01-24T14:31:03+00:00\",\"dateModified\":\"2024-03-29T16:42:52+00:00\",\"breadcrumb\":{\"@id\":\"https:\\\/\\\/chantailles.ch\\\/?page_id=610&lang=de#breadcrumb\"},\"inLanguage\":\"fr-FR\",\"potentialAction\":[{\"@type\":\"ReadAction\",\"target\":[\"https:\\\/\\\/chantailles.ch\\\/?page_id=610&lang=de\"]}]},{\"@type\":\"ImageObject\",\"inLanguage\":\"fr-FR\",\"@id\":\"https:\\\/\\\/chantailles.ch\\\/?page_id=610&lang=de#primaryimage\",\"url\":\"https:\\\/\\\/chantailles.ch\\\/wp-content\\\/uploads\\\/2017\\\/04\\\/15ch-et-CM-sun-web.jpg\",\"contentUrl\":\"https:\\\/\\\/chantailles.ch\\\/wp-content\\\/uploads\\\/2017\\\/04\\\/15ch-et-CM-sun-web.jpg\",\"width\":308,\"height\":448},{\"@type\":\"BreadcrumbList\",\"@id\":\"https:\\\/\\\/chantailles.ch\\\/?page_id=610&lang=de#breadcrumb\",\"itemListElement\":[{\"@type\":\"ListItem\",\"position\":1,\"name\":\"Accueil\",\"item\":\"https:\\\/\\\/chantailles.ch\\\/\"},{\"@type\":\"ListItem\",\"position\":2,\"name\":\"Weine\"}]},{\"@type\":\"WebSite\",\"@id\":\"https:\\\/\\\/chantailles.ch\\\/#website\",\"url\":\"https:\\\/\\\/chantailles.ch\\\/\",\"name\":\"Domaine des Chantailles\",\"description\":\"Tartegnin Pays du bon vin\",\"potentialAction\":[{\"@type\":\"SearchAction\",\"target\":{\"@type\":\"EntryPoint\",\"urlTemplate\":\"https:\\\/\\\/chantailles.ch\\\/?s={search_term_string}\"},\"query-input\":{\"@type\":\"PropertyValueSpecification\",\"valueRequired\":true,\"valueName\":\"search_term_string\"}}],\"inLanguage\":\"fr-FR\"}]}<\/script>\n<!-- \/ Yoast SEO plugin. -->","yoast_head_json":{"title":"Weine - Domaine des Chantailles","robots":{"index":"index","follow":"follow","max-snippet":"max-snippet:-1","max-image-preview":"max-image-preview:large","max-video-preview":"max-video-preview:-1"},"canonical":"https:\/\/chantailles.ch\/?page_id=610&lang=de","og_locale":"fr_FR","og_type":"article","og_title":"Weine - Domaine des Chantailles","og_description":"Unsere Weine profitieren von der Appellation DOMAINE, die noch restriktiver ist als die der kontrollierten Ursprungsbezeichnung, und sind das Ergebnis der Verm\u00e4hlung der Terroirs und der Rebsorten unserer Reben. Zu [&hellip;]","og_url":"https:\/\/chantailles.ch\/?page_id=610&lang=de","og_site_name":"Domaine des Chantailles","article_modified_time":"2024-03-29T16:42:52+00:00","og_image":[{"url":"https:\/\/chantailles.ch\/wp-content\/uploads\/2017\/04\/15ch-et-CM-sun-web.jpg","type":"","width":"","height":""}],"twitter_card":"summary_large_image","twitter_misc":{"Dur\u00e9e de lecture estim\u00e9e":"8 minutes"},"schema":{"@context":"https:\/\/schema.org","@graph":[{"@type":"WebPage","@id":"https:\/\/chantailles.ch\/?page_id=610&lang=de","url":"https:\/\/chantailles.ch\/?page_id=610&lang=de","name":"Weine - Domaine des Chantailles","isPartOf":{"@id":"https:\/\/chantailles.ch\/#website"},"primaryImageOfPage":{"@id":"https:\/\/chantailles.ch\/?page_id=610&lang=de#primaryimage"},"image":{"@id":"https:\/\/chantailles.ch\/?page_id=610&lang=de#primaryimage"},"thumbnailUrl":"https:\/\/chantailles.ch\/wp-content\/uploads\/2017\/04\/15ch-et-CM-sun-web.jpg","datePublished":"2018-01-24T14:31:03+00:00","dateModified":"2024-03-29T16:42:52+00:00","breadcrumb":{"@id":"https:\/\/chantailles.ch\/?page_id=610&lang=de#breadcrumb"},"inLanguage":"fr-FR","potentialAction":[{"@type":"ReadAction","target":["https:\/\/chantailles.ch\/?page_id=610&lang=de"]}]},{"@type":"ImageObject","inLanguage":"fr-FR","@id":"https:\/\/chantailles.ch\/?page_id=610&lang=de#primaryimage","url":"https:\/\/chantailles.ch\/wp-content\/uploads\/2017\/04\/15ch-et-CM-sun-web.jpg","contentUrl":"https:\/\/chantailles.ch\/wp-content\/uploads\/2017\/04\/15ch-et-CM-sun-web.jpg","width":308,"height":448},{"@type":"BreadcrumbList","@id":"https:\/\/chantailles.ch\/?page_id=610&lang=de#breadcrumb","itemListElement":[{"@type":"ListItem","position":1,"name":"Accueil","item":"https:\/\/chantailles.ch\/"},{"@type":"ListItem","position":2,"name":"Weine"}]},{"@type":"WebSite","@id":"https:\/\/chantailles.ch\/#website","url":"https:\/\/chantailles.ch\/","name":"Domaine des Chantailles","description":"Tartegnin Pays du bon vin","potentialAction":[{"@type":"SearchAction","target":{"@type":"EntryPoint","urlTemplate":"https:\/\/chantailles.ch\/?s={search_term_string}"},"query-input":{"@type":"PropertyValueSpecification","valueRequired":true,"valueName":"search_term_string"}}],"inLanguage":"fr-FR"}]}},"_links":{"self":[{"href":"https:\/\/chantailles.ch\/index.php?rest_route=\/wp\/v2\/pages\/610","targetHints":{"allow":["GET"]}}],"collection":[{"href":"https:\/\/chantailles.ch\/index.php?rest_route=\/wp\/v2\/pages"}],"about":[{"href":"https:\/\/chantailles.ch\/index.php?rest_route=\/wp\/v2\/types\/page"}],"author":[{"embeddable":true,"href":"https:\/\/chantailles.ch\/index.php?rest_route=\/wp\/v2\/users\/1"}],"replies":[{"embeddable":true,"href":"https:\/\/chantailles.ch\/index.php?rest_route=%2Fwp%2Fv2%2Fcomments&post=610"}],"version-history":[{"count":11,"href":"https:\/\/chantailles.ch\/index.php?rest_route=\/wp\/v2\/pages\/610\/revisions"}],"predecessor-version":[{"id":2076,"href":"https:\/\/chantailles.ch\/index.php?rest_route=\/wp\/v2\/pages\/610\/revisions\/2076"}],"wp:attachment":[{"href":"https:\/\/chantailles.ch\/index.php?rest_route=%2Fwp%2Fv2%2Fmedia&parent=610"}],"curies":[{"name":"wp","href":"https:\/\/api.w.org\/{rel}","templated":true}]}}