{"id":645,"date":"2018-01-24T21:21:10","date_gmt":"2018-01-24T20:21:10","guid":{"rendered":"https:\/\/chantailles.ch\/?page_id=645"},"modified":"2023-01-09T14:27:55","modified_gmt":"2023-01-09T13:27:55","slug":"darstellung-2","status":"publish","type":"page","link":"https:\/\/chantailles.ch\/?page_id=645&lang=de","title":{"rendered":"Darstellung"},"content":{"rendered":"<style>\n.page-wrap .content-wrapper {<br \/>\tbackground-color: rgba(0, 0, 0, 0.5);<br \/>}<br \/>#secondary{<br \/>\tbackground-color: rgba(0, 0, 0, 0.5);<br \/>\tcolor: #fff;<br \/>}<br \/>#secondary .widget-title{<br \/>\tcolor: #fff;<br \/>}<br \/>body{<br \/>\tcolor: #fff;<br \/>}<br \/>h1{<br \/>\tcolor: #fff;<br \/>}<br \/>h3{<br \/>\tcolor: #fff;<br \/>}<br \/><\/style>\n<p>Wir kultivieren eine Oberfl\u00e4che von 9,5 Hektaren gelegt auf AOC Tartegnin und Mont-sur-Rolle. Unsere \u00ab\u00a0Halbhoch\u00a0\u00bb-Reben werden mit einer Umweltsorge unter den Prinzipien und Normen \u00a0\u00bb der integrierte Produktion \u00a0\u00bb gepflanzt. Seit ein paar Jahren wird eine Rebparzelle nach dem Begriff von biodynamie angebaut. Alle unsere Weine werden auf unserem eigenen Eigentum kultiviert. In unserem Keller werden die Weine in Flaschen abgef\u00fcllt und gereift. Sie erlangten die Qualifikation von \u00a0\u00bb Grand Cru \u00ab\u00a0: Label, das den Ursprung und Qualit\u00e4t der Trauben durch Garantieren der Echtheit und der Spitzenqualit\u00e4t unserer Weine. Um unsere Produkte zu sch\u00e4tzen, sollen Sie an Ort kommen und verkosten. 2006 haben wir eine Aufnahme-Halle gebaut, die 50 Personen, sogar 75 im Sommer begr\u00fc\u00dfen kann.<\/p>\n","protected":false},"excerpt":{"rendered":"<p>Wir kultivieren eine Oberfl\u00e4che von 9,5 Hektaren gelegt auf AOC Tartegnin und Mont-sur-Rolle. Unsere \u00ab\u00a0Halbhoch\u00a0\u00bb-Reben werden mit einer Umweltsorge unter den Prinzipien und Normen \u00a0\u00bb der integrierte Produktion \u00a0\u00bb gepflanzt. [&hellip;]<\/p>\n","protected":false},"author":1,"featured_media":0,"parent":0,"menu_order":0,"comment_status":"closed","ping_status":"closed","template":"","meta":{"footnotes":""},"class_list":["post-645","page","type-page","status-publish","hentry"],"yoast_head":"<!-- This site is optimized with the Yoast SEO plugin v27.5 - https:\/\/yoast.com\/product\/yoast-seo-wordpress\/ -->\n<title>Darstellung - Domaine des Chantailles<\/title>\n<meta name=\"robots\" content=\"index, follow, max-snippet:-1, max-image-preview:large, max-video-preview:-1\" \/>\n<link rel=\"canonical\" href=\"https:\/\/chantailles.ch\/?page_id=645&lang=de\" \/>\n<meta property=\"og:locale\" content=\"fr_FR\" \/>\n<meta property=\"og:type\" content=\"article\" \/>\n<meta property=\"og:title\" content=\"Darstellung - Domaine des Chantailles\" \/>\n<meta property=\"og:description\" content=\"Wir kultivieren eine Oberfl\u00e4che von 9,5 Hektaren gelegt auf AOC Tartegnin und Mont-sur-Rolle. Unsere \u00ab\u00a0Halbhoch\u00a0\u00bb-Reben werden mit einer Umweltsorge unter den Prinzipien und Normen \u00a0\u00bb der integrierte Produktion \u00a0\u00bb gepflanzt. [&hellip;]\" \/>\n<meta property=\"og:url\" content=\"https:\/\/chantailles.ch\/?page_id=645&amp;lang=de\" \/>\n<meta property=\"og:site_name\" content=\"Domaine des Chantailles\" \/>\n<meta property=\"article:modified_time\" content=\"2023-01-09T13:27:55+00:00\" \/>\n<meta name=\"twitter:card\" content=\"summary_large_image\" \/>\n<meta name=\"twitter:label1\" content=\"Dur\u00e9e de lecture estim\u00e9e\" \/>\n\t<meta name=\"twitter:data1\" content=\"1 minute\" \/>\n<script type=\"application\/ld+json\" class=\"yoast-schema-graph\">{\"@context\":\"https:\\\/\\\/schema.org\",\"@graph\":[{\"@type\":\"WebPage\",\"@id\":\"https:\\\/\\\/chantailles.ch\\\/?page_id=645&lang=de\",\"url\":\"https:\\\/\\\/chantailles.ch\\\/?page_id=645&lang=de\",\"name\":\"Darstellung - Domaine des Chantailles\",\"isPartOf\":{\"@id\":\"https:\\\/\\\/chantailles.ch\\\/#website\"},\"datePublished\":\"2018-01-24T20:21:10+00:00\",\"dateModified\":\"2023-01-09T13:27:55+00:00\",\"breadcrumb\":{\"@id\":\"https:\\\/\\\/chantailles.ch\\\/?page_id=645&lang=de#breadcrumb\"},\"inLanguage\":\"fr-FR\",\"potentialAction\":[{\"@type\":\"ReadAction\",\"target\":[\"https:\\\/\\\/chantailles.ch\\\/?page_id=645&lang=de\"]}]},{\"@type\":\"BreadcrumbList\",\"@id\":\"https:\\\/\\\/chantailles.ch\\\/?page_id=645&lang=de#breadcrumb\",\"itemListElement\":[{\"@type\":\"ListItem\",\"position\":1,\"name\":\"Accueil\",\"item\":\"https:\\\/\\\/chantailles.ch\\\/\"},{\"@type\":\"ListItem\",\"position\":2,\"name\":\"Darstellung\"}]},{\"@type\":\"WebSite\",\"@id\":\"https:\\\/\\\/chantailles.ch\\\/#website\",\"url\":\"https:\\\/\\\/chantailles.ch\\\/\",\"name\":\"Domaine des Chantailles\",\"description\":\"Tartegnin Pays du bon vin\",\"potentialAction\":[{\"@type\":\"SearchAction\",\"target\":{\"@type\":\"EntryPoint\",\"urlTemplate\":\"https:\\\/\\\/chantailles.ch\\\/?s={search_term_string}\"},\"query-input\":{\"@type\":\"PropertyValueSpecification\",\"valueRequired\":true,\"valueName\":\"search_term_string\"}}],\"inLanguage\":\"fr-FR\"}]}<\/script>\n<!-- \/ Yoast SEO plugin. -->","yoast_head_json":{"title":"Darstellung - Domaine des Chantailles","robots":{"index":"index","follow":"follow","max-snippet":"max-snippet:-1","max-image-preview":"max-image-preview:large","max-video-preview":"max-video-preview:-1"},"canonical":"https:\/\/chantailles.ch\/?page_id=645&lang=de","og_locale":"fr_FR","og_type":"article","og_title":"Darstellung - Domaine des Chantailles","og_description":"Wir kultivieren eine Oberfl\u00e4che von 9,5 Hektaren gelegt auf AOC Tartegnin und Mont-sur-Rolle. Unsere \u00ab\u00a0Halbhoch\u00a0\u00bb-Reben werden mit einer Umweltsorge unter den Prinzipien und Normen \u00a0\u00bb der integrierte Produktion \u00a0\u00bb gepflanzt. [&hellip;]","og_url":"https:\/\/chantailles.ch\/?page_id=645&lang=de","og_site_name":"Domaine des Chantailles","article_modified_time":"2023-01-09T13:27:55+00:00","twitter_card":"summary_large_image","twitter_misc":{"Dur\u00e9e de lecture estim\u00e9e":"1 minute"},"schema":{"@context":"https:\/\/schema.org","@graph":[{"@type":"WebPage","@id":"https:\/\/chantailles.ch\/?page_id=645&lang=de","url":"https:\/\/chantailles.ch\/?page_id=645&lang=de","name":"Darstellung - Domaine des Chantailles","isPartOf":{"@id":"https:\/\/chantailles.ch\/#website"},"datePublished":"2018-01-24T20:21:10+00:00","dateModified":"2023-01-09T13:27:55+00:00","breadcrumb":{"@id":"https:\/\/chantailles.ch\/?page_id=645&lang=de#breadcrumb"},"inLanguage":"fr-FR","potentialAction":[{"@type":"ReadAction","target":["https:\/\/chantailles.ch\/?page_id=645&lang=de"]}]},{"@type":"BreadcrumbList","@id":"https:\/\/chantailles.ch\/?page_id=645&lang=de#breadcrumb","itemListElement":[{"@type":"ListItem","position":1,"name":"Accueil","item":"https:\/\/chantailles.ch\/"},{"@type":"ListItem","position":2,"name":"Darstellung"}]},{"@type":"WebSite","@id":"https:\/\/chantailles.ch\/#website","url":"https:\/\/chantailles.ch\/","name":"Domaine des Chantailles","description":"Tartegnin Pays du bon vin","potentialAction":[{"@type":"SearchAction","target":{"@type":"EntryPoint","urlTemplate":"https:\/\/chantailles.ch\/?s={search_term_string}"},"query-input":{"@type":"PropertyValueSpecification","valueRequired":true,"valueName":"search_term_string"}}],"inLanguage":"fr-FR"}]}},"_links":{"self":[{"href":"https:\/\/chantailles.ch\/index.php?rest_route=\/wp\/v2\/pages\/645","targetHints":{"allow":["GET"]}}],"collection":[{"href":"https:\/\/chantailles.ch\/index.php?rest_route=\/wp\/v2\/pages"}],"about":[{"href":"https:\/\/chantailles.ch\/index.php?rest_route=\/wp\/v2\/types\/page"}],"author":[{"embeddable":true,"href":"https:\/\/chantailles.ch\/index.php?rest_route=\/wp\/v2\/users\/1"}],"replies":[{"embeddable":true,"href":"https:\/\/chantailles.ch\/index.php?rest_route=%2Fwp%2Fv2%2Fcomments&post=645"}],"version-history":[{"count":11,"href":"https:\/\/chantailles.ch\/index.php?rest_route=\/wp\/v2\/pages\/645\/revisions"}],"predecessor-version":[{"id":1918,"href":"https:\/\/chantailles.ch\/index.php?rest_route=\/wp\/v2\/pages\/645\/revisions\/1918"}],"wp:attachment":[{"href":"https:\/\/chantailles.ch\/index.php?rest_route=%2Fwp%2Fv2%2Fmedia&parent=645"}],"curies":[{"name":"wp","href":"https:\/\/api.w.org\/{rel}","templated":true}]}}